{"id":23968,"date":"2022-06-15T20:45:21","date_gmt":"2022-06-16T03:45:21","guid":{"rendered":"https:\/\/www.sundayknight.com\/?page_id=23968"},"modified":"2022-06-15T20:45:22","modified_gmt":"2022-06-16T03:45:22","slug":"terms-of-use","status":"publish","type":"page","link":"https:\/\/www.sundayknight.com\/de\/terms-of-use\/","title":{"rendered":"Bedingungen f\u00fcr die Nutzung"},"content":{"rendered":"<p>Lieber Kunde,<br>Bitte beachten Sie, dass die auf der Website pr\u00e4sentierten Produkte beispielhaft sind und sich \u00e4ndern k\u00f6nnen. Die dargestellten Informationen \u00fcber die Produkte stellen kein Angebot im Sinne des B\u00fcrgerlichen Gesetzbuches dar, und der Vertrag kommt erst nach Vereinbarung der Vertragsbedingungen mit dem Kunden zustande.<\/p>\n\n\n\n<p>Die Sunday Knight Co Ltd. hat das Urheberrecht an den auf der Website ver\u00f6ffentlichten Fotos, Produktdesigns und Inhalten. Das \u00dcberschreiten der zul\u00e4ssigen Nutzung, das Kopieren, die Nutzung und die Verbreitung der auf der Website ver\u00f6ffentlichten Werke ist ohne vorherige Zustimmung von Sunday Knight Co Ltd. verboten.<\/p>\n\n\n\n<p>Die Informationen auf dieser Website k\u00f6nnen Fehler und Ungenauigkeiten enthalten, die von Sunday Knight Co Ltd. jederzeit berichtigt werden k\u00f6nnen, ohne dass die Besucher der Website dar\u00fcber informiert werden.<\/p>\n\n\n\n<p>Die Website verwendet die Technik der \"Cookies\". Dabei handelt es sich um Textdateien, die von der Website lokal im Speicher des Browsers auf dem Computer des Nutzers gespeichert werden. Die Cookies enthalten keine pers\u00f6nlichen Daten der Nutzer. Die Cookies k\u00f6nnen vom Nutzer jederzeit gel\u00f6scht werden und die Website kann auch ohne die Verwendung von Cookies genutzt werden. Verwenden Sie dazu die Option \"deaktivieren\" in den Browsereinstellungen im Microsoft Internet Explorer unter dem Men\u00fcpunkt \"Add-ons \/ Internetoptionen\" und im Mozilla Firerfox unter \"Add-ons \/ Einstellungen\". Details finden Sie im Hilfemen\u00fc des jeweiligen Browsers. Die Deaktivierung oder Anzeige von Cookies kann das Funktionieren der Website beeintr\u00e4chtigen.<\/p>","protected":false},"excerpt":{"rendered":"","protected":false},"author":3,"featured_media":0,"parent":0,"menu_order":0,"comment_status":"closed","ping_status":"closed","template":"","meta":{"footnotes":""},"class_list":["post-23968","page","type-page","status-publish","hentry"],"yoast_head":"<!-- This site is optimized with the Yoast SEO plugin v27.4 - https:\/\/yoast.com\/product\/yoast-seo-wordpress\/ -->\n<title>Terms of use<\/title>\n<meta name=\"description\" content=\"Sunday Knight Co Ltd has proprietary copyrights to the photos, product designs and content posted on the website\" \/>\n<meta name=\"robots\" content=\"index, follow, max-snippet:-1, max-image-preview:large, max-video-preview:-1\" \/>\n<link rel=\"canonical\" href=\"https:\/\/www.sundayknight.com\/de\/terms-of-use\/\" \/>\n<meta property=\"og:locale\" content=\"de_DE\" \/>\n<meta property=\"og:type\" content=\"article\" \/>\n<meta property=\"og:title\" content=\"Terms of use\" \/>\n<meta property=\"og:description\" content=\"Sunday Knight Co Ltd has proprietary copyrights to the photos, product designs and content posted on the website\" \/>\n<meta property=\"og:url\" content=\"https:\/\/www.sundayknight.com\/de\/terms-of-use\/\" \/>\n<meta property=\"og:site_name\" content=\"Custom Acrylic Displays, Acrylic Display Stands, Acrylic Boxes\" \/>\n<meta property=\"article:modified_time\" content=\"2022-06-16T03:45:22+00:00\" \/>\n<meta name=\"twitter:label1\" content=\"Gesch\u00e4tzte Lesezeit\" \/>\n\t<meta name=\"twitter:data1\" content=\"2\u00a0Minuten\" \/>\n<script type=\"application\/ld+json\" class=\"yoast-schema-graph\">{\"@context\":\"https:\\\/\\\/schema.org\",\"@graph\":[{\"@type\":\"WebPage\",\"@id\":\"https:\\\/\\\/www.sundayknight.com\\\/terms-of-use\\\/\",\"url\":\"https:\\\/\\\/www.sundayknight.com\\\/terms-of-use\\\/\",\"name\":\"Terms of use\",\"isPartOf\":{\"@id\":\"https:\\\/\\\/www.sundayknight.com\\\/#website\"},\"datePublished\":\"2022-06-16T03:45:21+00:00\",\"dateModified\":\"2022-06-16T03:45:22+00:00\",\"description\":\"Sunday Knight Co Ltd has proprietary copyrights to the photos, product designs and content posted on the website\",\"breadcrumb\":{\"@id\":\"https:\\\/\\\/www.sundayknight.com\\\/terms-of-use\\\/#breadcrumb\"},\"inLanguage\":\"de\",\"potentialAction\":[{\"@type\":\"ReadAction\",\"target\":[\"https:\\\/\\\/www.sundayknight.com\\\/terms-of-use\\\/\"]}]},{\"@type\":\"BreadcrumbList\",\"@id\":\"https:\\\/\\\/www.sundayknight.com\\\/terms-of-use\\\/#breadcrumb\",\"itemListElement\":[{\"@type\":\"ListItem\",\"position\":1,\"name\":\"Home\",\"item\":\"https:\\\/\\\/www.sundayknight.com\\\/\"},{\"@type\":\"ListItem\",\"position\":2,\"name\":\"Terms of use\"}]},{\"@type\":\"WebSite\",\"@id\":\"https:\\\/\\\/www.sundayknight.com\\\/#website\",\"url\":\"https:\\\/\\\/www.sundayknight.com\\\/\",\"name\":\"Custom Acrylic Displays, Acrylic Display Stands, Acrylic Boxes\",\"description\":\"China Acrylic Products Manufacturer\",\"publisher\":{\"@id\":\"https:\\\/\\\/www.sundayknight.com\\\/#organization\"},\"potentialAction\":[{\"@type\":\"SearchAction\",\"target\":{\"@type\":\"EntryPoint\",\"urlTemplate\":\"https:\\\/\\\/www.sundayknight.com\\\/?s={search_term_string}\"},\"query-input\":{\"@type\":\"PropertyValueSpecification\",\"valueRequired\":true,\"valueName\":\"search_term_string\"}}],\"inLanguage\":\"de\"},{\"@type\":\"Organization\",\"@id\":\"https:\\\/\\\/www.sundayknight.com\\\/#organization\",\"name\":\"Sunday Knight Co. Ltd\",\"url\":\"https:\\\/\\\/www.sundayknight.com\\\/\",\"logo\":{\"@type\":\"ImageObject\",\"inLanguage\":\"de\",\"@id\":\"https:\\\/\\\/www.sundayknight.com\\\/#\\\/schema\\\/logo\\\/image\\\/\",\"url\":\"https:\\\/\\\/www.sundayknight.com\\\/wp-content\\\/uploads\\\/2021\\\/07\\\/LOGO202107182.png\",\"contentUrl\":\"https:\\\/\\\/www.sundayknight.com\\\/wp-content\\\/uploads\\\/2021\\\/07\\\/LOGO202107182.png\",\"width\":414,\"height\":80,\"caption\":\"Sunday Knight Co. Ltd\"},\"image\":{\"@id\":\"https:\\\/\\\/www.sundayknight.com\\\/#\\\/schema\\\/logo\\\/image\\\/\"}}]}<\/script>\n<!-- \/ Yoast SEO plugin. -->","yoast_head_json":{"title":"Bedingungen f\u00fcr die Nutzung","description":"Sunday Knight Co Ltd hat das Urheberrecht an den Fotos, Produktdesigns und Inhalten auf der Website.","robots":{"index":"index","follow":"follow","max-snippet":"max-snippet:-1","max-image-preview":"max-image-preview:large","max-video-preview":"max-video-preview:-1"},"canonical":"https:\/\/www.sundayknight.com\/de\/terms-of-use\/","og_locale":"de_DE","og_type":"article","og_title":"Terms of use","og_description":"Sunday Knight Co Ltd has proprietary copyrights to the photos, product designs and content posted on the website","og_url":"https:\/\/www.sundayknight.com\/de\/terms-of-use\/","og_site_name":"Custom Acrylic Displays, Acrylic Display Stands, Acrylic Boxes","article_modified_time":"2022-06-16T03:45:22+00:00","twitter_misc":{"Gesch\u00e4tzte Lesezeit":"2\u00a0Minuten"},"schema":{"@context":"https:\/\/schema.org","@graph":[{"@type":"WebPage","@id":"https:\/\/www.sundayknight.com\/terms-of-use\/","url":"https:\/\/www.sundayknight.com\/terms-of-use\/","name":"Bedingungen f\u00fcr die Nutzung","isPartOf":{"@id":"https:\/\/www.sundayknight.com\/#website"},"datePublished":"2022-06-16T03:45:21+00:00","dateModified":"2022-06-16T03:45:22+00:00","description":"Sunday Knight Co Ltd hat das Urheberrecht an den Fotos, Produktdesigns und Inhalten auf der Website.","breadcrumb":{"@id":"https:\/\/www.sundayknight.com\/terms-of-use\/#breadcrumb"},"inLanguage":"de","potentialAction":[{"@type":"ReadAction","target":["https:\/\/www.sundayknight.com\/terms-of-use\/"]}]},{"@type":"BreadcrumbList","@id":"https:\/\/www.sundayknight.com\/terms-of-use\/#breadcrumb","itemListElement":[{"@type":"ListItem","position":1,"name":"Home","item":"https:\/\/www.sundayknight.com\/"},{"@type":"ListItem","position":2,"name":"Terms of use"}]},{"@type":"WebSite","@id":"https:\/\/www.sundayknight.com\/#website","url":"https:\/\/www.sundayknight.com\/","name":"Individuelle Acryl-Displays, Acryl-Display-St\u00e4nder, Acryl-Boxen","description":"China Acryl Produkte Hersteller","publisher":{"@id":"https:\/\/www.sundayknight.com\/#organization"},"potentialAction":[{"@type":"SearchAction","target":{"@type":"EntryPoint","urlTemplate":"https:\/\/www.sundayknight.com\/?s={search_term_string}"},"query-input":{"@type":"PropertyValueSpecification","valueRequired":true,"valueName":"search_term_string"}}],"inLanguage":"de"},{"@type":"Organization","@id":"https:\/\/www.sundayknight.com\/#organization","name":"Sunday Knight Co. Ltd","url":"https:\/\/www.sundayknight.com\/","logo":{"@type":"ImageObject","inLanguage":"de","@id":"https:\/\/www.sundayknight.com\/#\/schema\/logo\/image\/","url":"https:\/\/www.sundayknight.com\/wp-content\/uploads\/2021\/07\/LOGO202107182.png","contentUrl":"https:\/\/www.sundayknight.com\/wp-content\/uploads\/2021\/07\/LOGO202107182.png","width":414,"height":80,"caption":"Sunday Knight Co. Ltd"},"image":{"@id":"https:\/\/www.sundayknight.com\/#\/schema\/logo\/image\/"}}]}},"_links":{"self":[{"href":"https:\/\/www.sundayknight.com\/de\/wp-json\/wp\/v2\/pages\/23968","targetHints":{"allow":["GET"]}}],"collection":[{"href":"https:\/\/www.sundayknight.com\/de\/wp-json\/wp\/v2\/pages"}],"about":[{"href":"https:\/\/www.sundayknight.com\/de\/wp-json\/wp\/v2\/types\/page"}],"author":[{"embeddable":true,"href":"https:\/\/www.sundayknight.com\/de\/wp-json\/wp\/v2\/users\/3"}],"replies":[{"embeddable":true,"href":"https:\/\/www.sundayknight.com\/de\/wp-json\/wp\/v2\/comments?post=23968"}],"version-history":[{"count":0,"href":"https:\/\/www.sundayknight.com\/de\/wp-json\/wp\/v2\/pages\/23968\/revisions"}],"wp:attachment":[{"href":"https:\/\/www.sundayknight.com\/de\/wp-json\/wp\/v2\/media?parent=23968"}],"curies":[{"name":"wp","href":"https:\/\/api.w.org\/{rel}","templated":true}]}}