{"id":55,"date":"2016-12-02T13:37:39","date_gmt":"2016-12-02T05:37:39","guid":{"rendered":"http:\/\/rt18-t1028.bshark.com\/?page_id=55"},"modified":"2026-02-08T22:31:36","modified_gmt":"2026-02-08T14:31:36","slug":"about-us","status":"publish","type":"page","link":"https:\/\/www.sundayknight.com\/de\/about-us\/","title":{"rendered":"\u00dcber uns"},"content":{"rendered":"<div class=\"wp-block-group\"><div class=\"wp-block-group__inner-container is-layout-flow wp-block-group-is-layout-flow\">\n<h2 class=\"wp-block-heading\"><strong>Sunday Knight Co, Ltd.<\/strong><\/h2>\n\n\n\n<p>Wir sind ein chinesischer Hersteller von <strong>kundenspezifische Acrylfertigung<\/strong>Wir haben es uns zur Aufgabe gemacht, hochwertige, designorientierte Produkte zu entwickeln, die den Alltag ein wenig heller machen. Unser Ziel ist es, mit unseren Produkten Freude und Inspiration in Ihren Alltag zu bringen und positive Stimmung zu verbreiten, wo immer wir auch hingehen.<\/p>\n\n\n\n<p>Als Hersteller von Acrylprodukten bieten wir eine breite Palette innovativer und stilvoller Acrylprodukte an, darunter <strong>Kundenspezifische Acryl-Boxen<\/strong> und <strong>Individuelle Acryl-Displays<\/strong>usw., die alle funktionell und sch\u00f6n sind. Unsere Acrylst\u00e4nder werden mit viel Liebe zum Detail und einem Fokus auf Qualit\u00e4t entworfen, was sie zur perfekten Erg\u00e4nzung f\u00fcr jedes Zuhause, B\u00fcro oder Gesch\u00e4ft macht.<\/p>\n\n\n\n<iframe width=\"560\" height=\"315\" src=\"https:\/\/www.youtube-nocookie.com\/embed\/qCuEBCSjAqs?si=a8oCV9Iq5nnoQ1qB\" title=\"YouTube-Video-Player\" frameborder=\"0\" allow=\"accelerometer; autoplay; clipboard-write; encrypted-media; gyroscope; picture-in-picture; web-share\" referrerpolicy=\"strict-origin-when-cross-origin\" allowfullscreen><\/iframe>\n\n\n\n<p>Sunday Knight Co. wurde 2012 gegr\u00fcndet und begann als kleiner Betrieb mit dem Verkauf handgefertigter Artikel. Im Laufe der Jahre haben wir unsere Produktpalette erweitert, um eine Vielzahl von Produkten anzubieten, die sicher beeindrucken werden. Von ma\u00dfgefertigten Acryl-Boxen und Acryl-Displays bis hin zu allen Arten von komplizierten Artikeln sind unsere Produkte mit dem Kunden im Hinterkopf entworfen und zaubern sicher ein L\u00e4cheln auf Ihr Gesicht.<\/p>\n\n\n\n<p>Bei Sunday Knight Co. Ltd. glauben wir, dass das Leben zu kurz ist, um sich mit Produkten zufrieden zu geben, die einem kein L\u00e4cheln ins Gesicht zaubern. Deshalb sind wir bestrebt, die besten Materialien zu finden und zu beschaffen, und wir arbeiten mit talentierten Handwerkern und Herstellern zusammen, um unsere Designs zum Leben zu erwecken.<\/p>\n\n\n\n<p>Wir sind stolz darauf, ein kleines Unternehmen zu sein, und wir haben uns verpflichtet, unserer Gemeinschaft etwas zur\u00fcckzugeben. Ein Teil unseres Gewinns wird an lokale und nationale Organisationen gespendet, die die Kunst- und Designausbildung unterst\u00fctzen, sowie an Organisationen, die sich f\u00fcr einen positiven Einfluss auf die Umwelt einsetzen.<\/p>\n\n\n\n<p>Vielen Dank, dass Sie sich f\u00fcr uns als Ihren Hersteller von Acrylglasprodukten entschieden haben. Wir hoffen, dass unsere Produkte ein wenig mehr Freude und Inspiration in Ihr Leben bringen.<\/p>\n\n\n\n<p>Mit freundlichen Gr\u00fc\u00dfen,<br>Sophia Hu<br>Gr\u00fcnder, Sunday Knight Co. Ltd<\/p>\n\n\n\n<h3 class=\"wp-block-heading\"><strong>Fabrikschie\u00dfen<\/strong><\/h3>\n\n\n<div class=\"wp-block-image\">\n<figure class=\"aligncenter size-full\"><img decoding=\"async\" width=\"1000\" height=\"679\" src=\"https:\/\/www.sundayknight.com\/wp-content\/uploads\/2022\/09\/Sunday-Knight-Co-Ltd-Workshop-202209.webp\" alt=\"Sunday Knight Co Ltd Werkstatt\" class=\"wp-image-24940\" srcset=\"https:\/\/www.sundayknight.com\/wp-content\/uploads\/2022\/09\/Sunday-Knight-Co-Ltd-Workshop-202209.webp 1000w, https:\/\/www.sundayknight.com\/wp-content\/uploads\/2022\/09\/Sunday-Knight-Co-Ltd-Workshop-202209-400x272.webp 400w, https:\/\/www.sundayknight.com\/wp-content\/uploads\/2022\/09\/Sunday-Knight-Co-Ltd-Workshop-202209-768x521.webp 768w\" sizes=\"(max-width: 1000px) 100vw, 1000px\" \/><\/figure>\n<\/div>\n\n\n<h3 class=\"wp-block-heading has-text-color has-medium-font-size\" style=\"color:#050101\"><strong>Warum sollten Sie uns w\u00e4hlen?<\/strong><\/h3>\n\n\n\n<p class=\"has-black-color has-text-color\"><mark style=\"background-color:rgba(0, 0, 0, 0)\" class=\"has-inline-color has-vivid-purple-color\"><strong>Fabrik direkt<\/strong>, <strong>Angemessener Preis<\/strong><\/mark><br>Ohne Zwischenh\u00e4ndler k\u00f6nnen Sie eine Menge Geld sparen!<\/p>\n\n\n\n<p><strong><span class=\"has-inline-color has-vivid-purple-color\">Garantierte Qualit\u00e4t<\/span><\/strong><br>100% Zufriedenheit garantiert.<\/p>\n\n\n\n<p><strong><span class=\"has-inline-color has-vivid-purple-color\">Anpassungsdienst<\/span><\/strong><br>Sagen Sie uns einfach, was Sie wollen, wir machen den Rest.<\/p>\n\n\n\n<p><strong><span class=\"has-inline-color has-vivid-purple-color\">Schnelles Angebot<\/span><\/strong><br>Wir werden alle E-Mails innerhalb von 1 - 8 Stunden beantworten. <\/p>\n\n\n\n<p><strong><span class=\"has-inline-color has-vivid-purple-color\">Schnelle Lieferzeiten<\/span><\/strong><br>Wir sind direkter Hersteller, wir k\u00f6nnen unseren Produktionsplan anpassen, um dringende Kundenauftr\u00e4ge zu erf\u00fcllen!<\/p>\n\n\n\n<h3 class=\"wp-block-heading has-black-color has-text-color has-medium-font-size\"><strong>Einige unserer Unternehmenspartner<\/strong><\/h3>\n\n\n\n<figure class=\"wp-block-image size-full\"><img decoding=\"async\" width=\"1200\" height=\"190\" src=\"https:\/\/www.sundayknight.com\/wp-content\/uploads\/2022\/09\/Corporate-Partners.webp\" alt=\"Unternehmenspartner\" class=\"wp-image-24941\" srcset=\"https:\/\/www.sundayknight.com\/wp-content\/uploads\/2022\/09\/Corporate-Partners.webp 1200w, https:\/\/www.sundayknight.com\/wp-content\/uploads\/2022\/09\/Corporate-Partners-400x63.webp 400w, https:\/\/www.sundayknight.com\/wp-content\/uploads\/2022\/09\/Corporate-Partners-768x122.webp 768w\" sizes=\"(max-width: 1200px) 100vw, 1200px\" \/><\/figure>\n<\/div><\/div>","protected":false},"excerpt":{"rendered":"","protected":false},"author":3,"featured_media":0,"parent":0,"menu_order":0,"comment_status":"closed","ping_status":"closed","template":"","meta":{"footnotes":""},"class_list":["post-55","page","type-page","status-publish","hentry"],"yoast_head":"<!-- This site is optimized with the Yoast SEO plugin v27.4 - https:\/\/yoast.com\/product\/yoast-seo-wordpress\/ -->\n<title>About us - We are Chinese acrylic display manufacturer, acrylic factory<\/title>\n<meta name=\"description\" content=\"We offer custom made service for POP, POS displays, table tents, picture\/photo frames, brochure holders, menu holders&amp; sign holders,bulk food bins.\" \/>\n<meta name=\"robots\" content=\"index, follow, max-snippet:-1, max-image-preview:large, max-video-preview:-1\" \/>\n<link rel=\"canonical\" href=\"https:\/\/www.sundayknight.com\/de\/about-us\/\" \/>\n<meta property=\"og:locale\" content=\"de_DE\" \/>\n<meta property=\"og:type\" content=\"article\" \/>\n<meta property=\"og:title\" content=\"About us - We are Chinese acrylic display manufacturer, acrylic factory\" \/>\n<meta property=\"og:description\" content=\"We offer custom made service for POP, POS displays, table tents, picture\/photo frames, brochure holders, menu holders&amp; sign holders,bulk food bins.\" \/>\n<meta property=\"og:url\" content=\"https:\/\/www.sundayknight.com\/de\/about-us\/\" \/>\n<meta property=\"og:site_name\" content=\"Custom Acrylic Displays, Acrylic Display Stands, Acrylic Boxes\" \/>\n<meta property=\"article:modified_time\" content=\"2026-02-08T14:31:36+00:00\" \/>\n<meta property=\"og:image\" content=\"https:\/\/www.sundayknight.com\/wp-content\/uploads\/2022\/09\/Sunday-Knight-Co-Ltd-Workshop-202209.webp\" \/>\n\t<meta property=\"og:image:width\" content=\"1000\" \/>\n\t<meta property=\"og:image:height\" content=\"679\" \/>\n\t<meta property=\"og:image:type\" content=\"image\/webp\" \/>\n<meta name=\"twitter:label1\" content=\"Gesch\u00e4tzte Lesezeit\" \/>\n\t<meta name=\"twitter:data1\" content=\"3\u00a0Minuten\" \/>\n<script type=\"application\/ld+json\" class=\"yoast-schema-graph\">{\"@context\":\"https:\\\/\\\/schema.org\",\"@graph\":[{\"@type\":\"WebPage\",\"@id\":\"https:\\\/\\\/www.sundayknight.com\\\/about-us\\\/\",\"url\":\"https:\\\/\\\/www.sundayknight.com\\\/about-us\\\/\",\"name\":\"About us - We are Chinese acrylic display manufacturer, acrylic factory\",\"isPartOf\":{\"@id\":\"https:\\\/\\\/www.sundayknight.com\\\/#website\"},\"primaryImageOfPage\":{\"@id\":\"https:\\\/\\\/www.sundayknight.com\\\/about-us\\\/#primaryimage\"},\"image\":{\"@id\":\"https:\\\/\\\/www.sundayknight.com\\\/about-us\\\/#primaryimage\"},\"thumbnailUrl\":\"https:\\\/\\\/www.sundayknight.com\\\/wp-content\\\/uploads\\\/2022\\\/09\\\/Sunday-Knight-Co-Ltd-Workshop-202209.webp\",\"datePublished\":\"2016-12-02T05:37:39+00:00\",\"dateModified\":\"2026-02-08T14:31:36+00:00\",\"description\":\"We offer custom made service for POP, POS displays, table tents, picture\\\/photo frames, brochure holders, menu holders& sign holders,bulk food bins.\",\"breadcrumb\":{\"@id\":\"https:\\\/\\\/www.sundayknight.com\\\/about-us\\\/#breadcrumb\"},\"inLanguage\":\"de\",\"potentialAction\":[{\"@type\":\"ReadAction\",\"target\":[\"https:\\\/\\\/www.sundayknight.com\\\/about-us\\\/\"]}]},{\"@type\":\"ImageObject\",\"inLanguage\":\"de\",\"@id\":\"https:\\\/\\\/www.sundayknight.com\\\/about-us\\\/#primaryimage\",\"url\":\"https:\\\/\\\/www.sundayknight.com\\\/wp-content\\\/uploads\\\/2022\\\/09\\\/Sunday-Knight-Co-Ltd-Workshop-202209.webp\",\"contentUrl\":\"https:\\\/\\\/www.sundayknight.com\\\/wp-content\\\/uploads\\\/2022\\\/09\\\/Sunday-Knight-Co-Ltd-Workshop-202209.webp\"},{\"@type\":\"BreadcrumbList\",\"@id\":\"https:\\\/\\\/www.sundayknight.com\\\/about-us\\\/#breadcrumb\",\"itemListElement\":[{\"@type\":\"ListItem\",\"position\":1,\"name\":\"Home\",\"item\":\"https:\\\/\\\/www.sundayknight.com\\\/\"},{\"@type\":\"ListItem\",\"position\":2,\"name\":\"About us\"}]},{\"@type\":\"WebSite\",\"@id\":\"https:\\\/\\\/www.sundayknight.com\\\/#website\",\"url\":\"https:\\\/\\\/www.sundayknight.com\\\/\",\"name\":\"Custom Acrylic Displays, Acrylic Display Stands, Acrylic Boxes\",\"description\":\"China Acrylic Products Manufacturer\",\"publisher\":{\"@id\":\"https:\\\/\\\/www.sundayknight.com\\\/#organization\"},\"potentialAction\":[{\"@type\":\"SearchAction\",\"target\":{\"@type\":\"EntryPoint\",\"urlTemplate\":\"https:\\\/\\\/www.sundayknight.com\\\/?s={search_term_string}\"},\"query-input\":{\"@type\":\"PropertyValueSpecification\",\"valueRequired\":true,\"valueName\":\"search_term_string\"}}],\"inLanguage\":\"de\"},{\"@type\":\"Organization\",\"@id\":\"https:\\\/\\\/www.sundayknight.com\\\/#organization\",\"name\":\"Sunday Knight Co. Ltd\",\"url\":\"https:\\\/\\\/www.sundayknight.com\\\/\",\"logo\":{\"@type\":\"ImageObject\",\"inLanguage\":\"de\",\"@id\":\"https:\\\/\\\/www.sundayknight.com\\\/#\\\/schema\\\/logo\\\/image\\\/\",\"url\":\"https:\\\/\\\/www.sundayknight.com\\\/wp-content\\\/uploads\\\/2021\\\/07\\\/LOGO202107182.png\",\"contentUrl\":\"https:\\\/\\\/www.sundayknight.com\\\/wp-content\\\/uploads\\\/2021\\\/07\\\/LOGO202107182.png\",\"width\":414,\"height\":80,\"caption\":\"Sunday Knight Co. Ltd\"},\"image\":{\"@id\":\"https:\\\/\\\/www.sundayknight.com\\\/#\\\/schema\\\/logo\\\/image\\\/\"}}]}<\/script>\n<!-- \/ Yoast SEO plugin. -->","yoast_head_json":{"title":"\u00dcber uns - Wir sind chinesische Acryl-Display-Hersteller, Acryl-Fabrik","description":"Wir bieten einen ma\u00dfgeschneiderten Service f\u00fcr POP, POS-Displays, Tischzelte, Bild-\/Fotorahmen, Prospekthalter, Speisekarten- und Schilderhalter sowie Beh\u00e4lter f\u00fcr lose Lebensmittel.","robots":{"index":"index","follow":"follow","max-snippet":"max-snippet:-1","max-image-preview":"max-image-preview:large","max-video-preview":"max-video-preview:-1"},"canonical":"https:\/\/www.sundayknight.com\/de\/about-us\/","og_locale":"de_DE","og_type":"article","og_title":"About us - We are Chinese acrylic display manufacturer, acrylic factory","og_description":"We offer custom made service for POP, POS displays, table tents, picture\/photo frames, brochure holders, menu holders& sign holders,bulk food bins.","og_url":"https:\/\/www.sundayknight.com\/de\/about-us\/","og_site_name":"Custom Acrylic Displays, Acrylic Display Stands, Acrylic Boxes","article_modified_time":"2026-02-08T14:31:36+00:00","og_image":[{"width":1000,"height":679,"url":"https:\/\/www.sundayknight.com\/wp-content\/uploads\/2022\/09\/Sunday-Knight-Co-Ltd-Workshop-202209.webp","type":"image\/webp"}],"twitter_misc":{"Gesch\u00e4tzte Lesezeit":"3\u00a0Minuten"},"schema":{"@context":"https:\/\/schema.org","@graph":[{"@type":"WebPage","@id":"https:\/\/www.sundayknight.com\/about-us\/","url":"https:\/\/www.sundayknight.com\/about-us\/","name":"\u00dcber uns - Wir sind chinesische Acryl-Display-Hersteller, Acryl-Fabrik","isPartOf":{"@id":"https:\/\/www.sundayknight.com\/#website"},"primaryImageOfPage":{"@id":"https:\/\/www.sundayknight.com\/about-us\/#primaryimage"},"image":{"@id":"https:\/\/www.sundayknight.com\/about-us\/#primaryimage"},"thumbnailUrl":"https:\/\/www.sundayknight.com\/wp-content\/uploads\/2022\/09\/Sunday-Knight-Co-Ltd-Workshop-202209.webp","datePublished":"2016-12-02T05:37:39+00:00","dateModified":"2026-02-08T14:31:36+00:00","description":"Wir bieten einen ma\u00dfgeschneiderten Service f\u00fcr POP, POS-Displays, Tischzelte, Bild-\/Fotorahmen, Prospekthalter, Speisekarten- und Schilderhalter sowie Beh\u00e4lter f\u00fcr lose Lebensmittel.","breadcrumb":{"@id":"https:\/\/www.sundayknight.com\/about-us\/#breadcrumb"},"inLanguage":"de","potentialAction":[{"@type":"ReadAction","target":["https:\/\/www.sundayknight.com\/about-us\/"]}]},{"@type":"ImageObject","inLanguage":"de","@id":"https:\/\/www.sundayknight.com\/about-us\/#primaryimage","url":"https:\/\/www.sundayknight.com\/wp-content\/uploads\/2022\/09\/Sunday-Knight-Co-Ltd-Workshop-202209.webp","contentUrl":"https:\/\/www.sundayknight.com\/wp-content\/uploads\/2022\/09\/Sunday-Knight-Co-Ltd-Workshop-202209.webp"},{"@type":"BreadcrumbList","@id":"https:\/\/www.sundayknight.com\/about-us\/#breadcrumb","itemListElement":[{"@type":"ListItem","position":1,"name":"Home","item":"https:\/\/www.sundayknight.com\/"},{"@type":"ListItem","position":2,"name":"About us"}]},{"@type":"WebSite","@id":"https:\/\/www.sundayknight.com\/#website","url":"https:\/\/www.sundayknight.com\/","name":"Individuelle Acryl-Displays, Acryl-Display-St\u00e4nder, Acryl-Boxen","description":"China Acryl Produkte Hersteller","publisher":{"@id":"https:\/\/www.sundayknight.com\/#organization"},"potentialAction":[{"@type":"SearchAction","target":{"@type":"EntryPoint","urlTemplate":"https:\/\/www.sundayknight.com\/?s={search_term_string}"},"query-input":{"@type":"PropertyValueSpecification","valueRequired":true,"valueName":"search_term_string"}}],"inLanguage":"de"},{"@type":"Organization","@id":"https:\/\/www.sundayknight.com\/#organization","name":"Sunday Knight Co. Ltd","url":"https:\/\/www.sundayknight.com\/","logo":{"@type":"ImageObject","inLanguage":"de","@id":"https:\/\/www.sundayknight.com\/#\/schema\/logo\/image\/","url":"https:\/\/www.sundayknight.com\/wp-content\/uploads\/2021\/07\/LOGO202107182.png","contentUrl":"https:\/\/www.sundayknight.com\/wp-content\/uploads\/2021\/07\/LOGO202107182.png","width":414,"height":80,"caption":"Sunday Knight Co. Ltd"},"image":{"@id":"https:\/\/www.sundayknight.com\/#\/schema\/logo\/image\/"}}]}},"_links":{"self":[{"href":"https:\/\/www.sundayknight.com\/de\/wp-json\/wp\/v2\/pages\/55","targetHints":{"allow":["GET"]}}],"collection":[{"href":"https:\/\/www.sundayknight.com\/de\/wp-json\/wp\/v2\/pages"}],"about":[{"href":"https:\/\/www.sundayknight.com\/de\/wp-json\/wp\/v2\/types\/page"}],"author":[{"embeddable":true,"href":"https:\/\/www.sundayknight.com\/de\/wp-json\/wp\/v2\/users\/3"}],"replies":[{"embeddable":true,"href":"https:\/\/www.sundayknight.com\/de\/wp-json\/wp\/v2\/comments?post=55"}],"version-history":[{"count":0,"href":"https:\/\/www.sundayknight.com\/de\/wp-json\/wp\/v2\/pages\/55\/revisions"}],"wp:attachment":[{"href":"https:\/\/www.sundayknight.com\/de\/wp-json\/wp\/v2\/media?parent=55"}],"curies":[{"name":"wp","href":"https:\/\/api.w.org\/{rel}","templated":true}]}}