{"id":19088,"date":"2021-05-06T06:27:00","date_gmt":"2021-05-06T13:27:00","guid":{"rendered":"https:\/\/www.sundayknight.com\/?page_id=19088"},"modified":"2021-05-11T18:20:03","modified_gmt":"2021-05-12T01:20:03","slug":"color-acrylic-swatches","status":"publish","type":"page","link":"https:\/\/www.sundayknight.com\/es\/color-acrylic-swatches\/","title":{"rendered":"Muestras de acr\u00edlico de color"},"content":{"rendered":"<p>He aqu\u00ed algunas normas <strong>muestras de acr\u00edlico de color<\/strong> como referencia. Si s\u00f3lo necesita una peque\u00f1a cantidad de productos acr\u00edlicos, tal vez usted puede elegir entre el color est\u00e1ndar.<\/p>\n<p><span style=\"color: #0000ff;\"><strong>Si necesita colores personalizados, por favor d\u00edganos los requisitos espec\u00edficos, podemos personalizarlo para usted.<\/strong><\/span><\/p>\n<div id=\"attachment_19092\" style=\"width: 910px\" class=\"wp-caption alignnone\"><img decoding=\"async\" aria-describedby=\"caption-attachment-19092\" class=\"size-full wp-image-19092\" src=\"https:\/\/www.sundayknight.com\/wp-content\/uploads\/2021\/05\/acrylic-swatches-1.jpg\" alt=\"muestras acr\u00edlicas-1\" width=\"900\" height=\"545\" srcset=\"https:\/\/www.sundayknight.com\/wp-content\/uploads\/2021\/05\/acrylic-swatches-1.jpg 900w, https:\/\/www.sundayknight.com\/wp-content\/uploads\/2021\/05\/acrylic-swatches-1-400x242.jpg 400w, https:\/\/www.sundayknight.com\/wp-content\/uploads\/2021\/05\/acrylic-swatches-1-768x465.jpg 768w\" sizes=\"(max-width: 900px) 100vw, 900px\" \/><p id=\"caption-attachment-19092\" class=\"wp-caption-text\"><img decoding=\"async\" class=\"size-full wp-image-19093\" src=\"https:\/\/www.sundayknight.com\/wp-content\/uploads\/2021\/05\/acrylic-swatches-2.jpg\" alt=\"muestras acr\u00edlicas-2\" width=\"900\" height=\"545\" srcset=\"https:\/\/www.sundayknight.com\/wp-content\/uploads\/2021\/05\/acrylic-swatches-2.jpg 900w, https:\/\/www.sundayknight.com\/wp-content\/uploads\/2021\/05\/acrylic-swatches-2-400x242.jpg 400w, https:\/\/www.sundayknight.com\/wp-content\/uploads\/2021\/05\/acrylic-swatches-2-768x465.jpg 768w\" sizes=\"(max-width: 900px) 100vw, 900px\" \/><\/p><\/div>\n<p><img decoding=\"async\" class=\"size-full wp-image-19094\" src=\"https:\/\/www.sundayknight.com\/wp-content\/uploads\/2021\/05\/acrylic-swatches-3.jpg\" alt=\"muestras acr\u00edlicas-3\" width=\"900\" height=\"545\" srcset=\"https:\/\/www.sundayknight.com\/wp-content\/uploads\/2021\/05\/acrylic-swatches-3.jpg 900w, https:\/\/www.sundayknight.com\/wp-content\/uploads\/2021\/05\/acrylic-swatches-3-400x242.jpg 400w, https:\/\/www.sundayknight.com\/wp-content\/uploads\/2021\/05\/acrylic-swatches-3-768x465.jpg 768w\" sizes=\"(max-width: 900px) 100vw, 900px\" \/><\/p>\n<p><img decoding=\"async\" class=\"size-full wp-image-19095\" src=\"https:\/\/www.sundayknight.com\/wp-content\/uploads\/2021\/05\/acrylic-swatches-4.jpg\" alt=\"muestras acr\u00edlicas-4\" width=\"900\" height=\"545\" srcset=\"https:\/\/www.sundayknight.com\/wp-content\/uploads\/2021\/05\/acrylic-swatches-4.jpg 900w, https:\/\/www.sundayknight.com\/wp-content\/uploads\/2021\/05\/acrylic-swatches-4-400x242.jpg 400w, https:\/\/www.sundayknight.com\/wp-content\/uploads\/2021\/05\/acrylic-swatches-4-768x465.jpg 768w\" sizes=\"(max-width: 900px) 100vw, 900px\" \/><\/p>\n<p><img decoding=\"async\" class=\"size-full wp-image-19096\" src=\"https:\/\/www.sundayknight.com\/wp-content\/uploads\/2021\/05\/acrylic-swatches-5.jpg\" alt=\"muestras acr\u00edlicas-5\" width=\"900\" height=\"419\" srcset=\"https:\/\/www.sundayknight.com\/wp-content\/uploads\/2021\/05\/acrylic-swatches-5.jpg 900w, https:\/\/www.sundayknight.com\/wp-content\/uploads\/2021\/05\/acrylic-swatches-5-400x186.jpg 400w, https:\/\/www.sundayknight.com\/wp-content\/uploads\/2021\/05\/acrylic-swatches-5-768x358.jpg 768w\" sizes=\"(max-width: 900px) 100vw, 900px\" \/><\/p>\n\n\n<p><\/p>","protected":false},"excerpt":{"rendered":"","protected":false},"author":3,"featured_media":0,"parent":0,"menu_order":0,"comment_status":"closed","ping_status":"closed","template":"","meta":{"footnotes":""},"class_list":["post-19088","page","type-page","status-publish","hentry"],"yoast_head":"<!-- This site is optimized with the Yoast SEO plugin v27.4 - https:\/\/yoast.com\/product\/yoast-seo-wordpress\/ -->\n<title>Color Acrylic Swatches, Custom Color Acrylic, Custom Color Plexiglass<\/title>\n<meta name=\"description\" content=\"You can choose the favorite color from our standard Color Acrylic Swatches, or tell us what color you need, we can customize it for you.\" \/>\n<meta name=\"robots\" content=\"index, follow, max-snippet:-1, max-image-preview:large, max-video-preview:-1\" \/>\n<link rel=\"canonical\" href=\"https:\/\/www.sundayknight.com\/es\/color-acrylic-swatches\/\" \/>\n<meta property=\"og:locale\" content=\"es_ES\" \/>\n<meta property=\"og:type\" content=\"article\" \/>\n<meta property=\"og:title\" content=\"Color Acrylic Swatches, Custom Color Acrylic, Custom Color Plexiglass\" \/>\n<meta property=\"og:description\" content=\"You can choose the favorite color from our standard Color Acrylic Swatches, or tell us what color you need, we can customize it for you.\" \/>\n<meta property=\"og:url\" content=\"https:\/\/www.sundayknight.com\/es\/color-acrylic-swatches\/\" \/>\n<meta property=\"og:site_name\" content=\"Custom Acrylic Displays, Acrylic Display Stands, Acrylic Boxes\" \/>\n<meta property=\"article:modified_time\" content=\"2021-05-12T01:20:03+00:00\" \/>\n<meta property=\"og:image\" content=\"https:\/\/www.sundayknight.com\/wp-content\/uploads\/2021\/05\/acrylic-swatches-1.jpg\" \/>\n<meta name=\"twitter:label1\" content=\"Tiempo de lectura\" \/>\n\t<meta name=\"twitter:data1\" content=\"2 minutos\" \/>\n<script type=\"application\/ld+json\" class=\"yoast-schema-graph\">{\"@context\":\"https:\\\/\\\/schema.org\",\"@graph\":[{\"@type\":\"WebPage\",\"@id\":\"https:\\\/\\\/www.sundayknight.com\\\/color-acrylic-swatches\\\/\",\"url\":\"https:\\\/\\\/www.sundayknight.com\\\/color-acrylic-swatches\\\/\",\"name\":\"Color Acrylic Swatches, Custom Color Acrylic, Custom Color Plexiglass\",\"isPartOf\":{\"@id\":\"https:\\\/\\\/www.sundayknight.com\\\/#website\"},\"primaryImageOfPage\":{\"@id\":\"https:\\\/\\\/www.sundayknight.com\\\/color-acrylic-swatches\\\/#primaryimage\"},\"image\":{\"@id\":\"https:\\\/\\\/www.sundayknight.com\\\/color-acrylic-swatches\\\/#primaryimage\"},\"thumbnailUrl\":\"https:\\\/\\\/www.sundayknight.com\\\/wp-content\\\/uploads\\\/2021\\\/05\\\/acrylic-swatches-1.jpg\",\"datePublished\":\"2021-05-06T13:27:00+00:00\",\"dateModified\":\"2021-05-12T01:20:03+00:00\",\"description\":\"You can choose the favorite color from our standard Color Acrylic Swatches, or tell us what color you need, we can customize it for you.\",\"breadcrumb\":{\"@id\":\"https:\\\/\\\/www.sundayknight.com\\\/color-acrylic-swatches\\\/#breadcrumb\"},\"inLanguage\":\"es\",\"potentialAction\":[{\"@type\":\"ReadAction\",\"target\":[\"https:\\\/\\\/www.sundayknight.com\\\/color-acrylic-swatches\\\/\"]}]},{\"@type\":\"ImageObject\",\"inLanguage\":\"es\",\"@id\":\"https:\\\/\\\/www.sundayknight.com\\\/color-acrylic-swatches\\\/#primaryimage\",\"url\":\"https:\\\/\\\/www.sundayknight.com\\\/wp-content\\\/uploads\\\/2021\\\/05\\\/acrylic-swatches-1.jpg\",\"contentUrl\":\"https:\\\/\\\/www.sundayknight.com\\\/wp-content\\\/uploads\\\/2021\\\/05\\\/acrylic-swatches-1.jpg\"},{\"@type\":\"BreadcrumbList\",\"@id\":\"https:\\\/\\\/www.sundayknight.com\\\/color-acrylic-swatches\\\/#breadcrumb\",\"itemListElement\":[{\"@type\":\"ListItem\",\"position\":1,\"name\":\"Home\",\"item\":\"https:\\\/\\\/www.sundayknight.com\\\/\"},{\"@type\":\"ListItem\",\"position\":2,\"name\":\"Color Acrylic Swatches\"}]},{\"@type\":\"WebSite\",\"@id\":\"https:\\\/\\\/www.sundayknight.com\\\/#website\",\"url\":\"https:\\\/\\\/www.sundayknight.com\\\/\",\"name\":\"Custom Acrylic Displays, Acrylic Display Stands, Acrylic Boxes\",\"description\":\"China Acrylic Products Manufacturer\",\"publisher\":{\"@id\":\"https:\\\/\\\/www.sundayknight.com\\\/#organization\"},\"potentialAction\":[{\"@type\":\"SearchAction\",\"target\":{\"@type\":\"EntryPoint\",\"urlTemplate\":\"https:\\\/\\\/www.sundayknight.com\\\/?s={search_term_string}\"},\"query-input\":{\"@type\":\"PropertyValueSpecification\",\"valueRequired\":true,\"valueName\":\"search_term_string\"}}],\"inLanguage\":\"es\"},{\"@type\":\"Organization\",\"@id\":\"https:\\\/\\\/www.sundayknight.com\\\/#organization\",\"name\":\"Sunday Knight Co. Ltd\",\"url\":\"https:\\\/\\\/www.sundayknight.com\\\/\",\"logo\":{\"@type\":\"ImageObject\",\"inLanguage\":\"es\",\"@id\":\"https:\\\/\\\/www.sundayknight.com\\\/#\\\/schema\\\/logo\\\/image\\\/\",\"url\":\"https:\\\/\\\/www.sundayknight.com\\\/wp-content\\\/uploads\\\/2021\\\/07\\\/LOGO202107182.png\",\"contentUrl\":\"https:\\\/\\\/www.sundayknight.com\\\/wp-content\\\/uploads\\\/2021\\\/07\\\/LOGO202107182.png\",\"width\":414,\"height\":80,\"caption\":\"Sunday Knight Co. Ltd\"},\"image\":{\"@id\":\"https:\\\/\\\/www.sundayknight.com\\\/#\\\/schema\\\/logo\\\/image\\\/\"}}]}<\/script>\n<!-- \/ Yoast SEO plugin. -->","yoast_head_json":{"title":"Muestras de acr\u00edlico de color, acr\u00edlico de color personalizado, plexigl\u00e1s de color personalizado","description":"Puede elegir el color favorito de nuestras muestras de acr\u00edlico de color est\u00e1ndar, o decirnos qu\u00e9 color necesita, podemos personalizarlo para usted.","robots":{"index":"index","follow":"follow","max-snippet":"max-snippet:-1","max-image-preview":"max-image-preview:large","max-video-preview":"max-video-preview:-1"},"canonical":"https:\/\/www.sundayknight.com\/es\/color-acrylic-swatches\/","og_locale":"es_ES","og_type":"article","og_title":"Color Acrylic Swatches, Custom Color Acrylic, Custom Color Plexiglass","og_description":"You can choose the favorite color from our standard Color Acrylic Swatches, or tell us what color you need, we can customize it for you.","og_url":"https:\/\/www.sundayknight.com\/es\/color-acrylic-swatches\/","og_site_name":"Custom Acrylic Displays, Acrylic Display Stands, Acrylic Boxes","article_modified_time":"2021-05-12T01:20:03+00:00","og_image":[{"url":"https:\/\/www.sundayknight.com\/wp-content\/uploads\/2021\/05\/acrylic-swatches-1.jpg","type":"","width":"","height":""}],"twitter_misc":{"Tiempo de lectura":"2 minutos"},"schema":{"@context":"https:\/\/schema.org","@graph":[{"@type":"WebPage","@id":"https:\/\/www.sundayknight.com\/color-acrylic-swatches\/","url":"https:\/\/www.sundayknight.com\/color-acrylic-swatches\/","name":"Muestras de acr\u00edlico de color, acr\u00edlico de color personalizado, plexigl\u00e1s de color personalizado","isPartOf":{"@id":"https:\/\/www.sundayknight.com\/#website"},"primaryImageOfPage":{"@id":"https:\/\/www.sundayknight.com\/color-acrylic-swatches\/#primaryimage"},"image":{"@id":"https:\/\/www.sundayknight.com\/color-acrylic-swatches\/#primaryimage"},"thumbnailUrl":"https:\/\/www.sundayknight.com\/wp-content\/uploads\/2021\/05\/acrylic-swatches-1.jpg","datePublished":"2021-05-06T13:27:00+00:00","dateModified":"2021-05-12T01:20:03+00:00","description":"Puede elegir el color favorito de nuestras muestras de acr\u00edlico de color est\u00e1ndar, o decirnos qu\u00e9 color necesita, podemos personalizarlo para usted.","breadcrumb":{"@id":"https:\/\/www.sundayknight.com\/color-acrylic-swatches\/#breadcrumb"},"inLanguage":"es","potentialAction":[{"@type":"ReadAction","target":["https:\/\/www.sundayknight.com\/color-acrylic-swatches\/"]}]},{"@type":"ImageObject","inLanguage":"es","@id":"https:\/\/www.sundayknight.com\/color-acrylic-swatches\/#primaryimage","url":"https:\/\/www.sundayknight.com\/wp-content\/uploads\/2021\/05\/acrylic-swatches-1.jpg","contentUrl":"https:\/\/www.sundayknight.com\/wp-content\/uploads\/2021\/05\/acrylic-swatches-1.jpg"},{"@type":"BreadcrumbList","@id":"https:\/\/www.sundayknight.com\/color-acrylic-swatches\/#breadcrumb","itemListElement":[{"@type":"ListItem","position":1,"name":"Home","item":"https:\/\/www.sundayknight.com\/"},{"@type":"ListItem","position":2,"name":"Color Acrylic Swatches"}]},{"@type":"WebSite","@id":"https:\/\/www.sundayknight.com\/#website","url":"https:\/\/www.sundayknight.com\/","name":"Expositores acr\u00edlicos personalizados, expositores acr\u00edlicos, cajas acr\u00edlicas","description":"China Fabricante de productos acr\u00edlicos","publisher":{"@id":"https:\/\/www.sundayknight.com\/#organization"},"potentialAction":[{"@type":"SearchAction","target":{"@type":"EntryPoint","urlTemplate":"https:\/\/www.sundayknight.com\/?s={search_term_string}"},"query-input":{"@type":"PropertyValueSpecification","valueRequired":true,"valueName":"search_term_string"}}],"inLanguage":"es"},{"@type":"Organization","@id":"https:\/\/www.sundayknight.com\/#organization","name":"Sunday Knight Co. Ltd","url":"https:\/\/www.sundayknight.com\/","logo":{"@type":"ImageObject","inLanguage":"es","@id":"https:\/\/www.sundayknight.com\/#\/schema\/logo\/image\/","url":"https:\/\/www.sundayknight.com\/wp-content\/uploads\/2021\/07\/LOGO202107182.png","contentUrl":"https:\/\/www.sundayknight.com\/wp-content\/uploads\/2021\/07\/LOGO202107182.png","width":414,"height":80,"caption":"Sunday Knight Co. Ltd"},"image":{"@id":"https:\/\/www.sundayknight.com\/#\/schema\/logo\/image\/"}}]}},"_links":{"self":[{"href":"https:\/\/www.sundayknight.com\/es\/wp-json\/wp\/v2\/pages\/19088","targetHints":{"allow":["GET"]}}],"collection":[{"href":"https:\/\/www.sundayknight.com\/es\/wp-json\/wp\/v2\/pages"}],"about":[{"href":"https:\/\/www.sundayknight.com\/es\/wp-json\/wp\/v2\/types\/page"}],"author":[{"embeddable":true,"href":"https:\/\/www.sundayknight.com\/es\/wp-json\/wp\/v2\/users\/3"}],"replies":[{"embeddable":true,"href":"https:\/\/www.sundayknight.com\/es\/wp-json\/wp\/v2\/comments?post=19088"}],"version-history":[{"count":0,"href":"https:\/\/www.sundayknight.com\/es\/wp-json\/wp\/v2\/pages\/19088\/revisions"}],"wp:attachment":[{"href":"https:\/\/www.sundayknight.com\/es\/wp-json\/wp\/v2\/media?parent=19088"}],"curies":[{"name":"wp","href":"https:\/\/api.w.org\/{rel}","templated":true}]}}