{"id":23968,"date":"2022-06-15T20:45:21","date_gmt":"2022-06-16T03:45:21","guid":{"rendered":"https:\/\/www.sundayknight.com\/?page_id=23968"},"modified":"2022-06-15T20:45:22","modified_gmt":"2022-06-16T03:45:22","slug":"terms-of-use","status":"publish","type":"page","link":"https:\/\/www.sundayknight.com\/es\/terms-of-use\/","title":{"rendered":"Condiciones de uso"},"content":{"rendered":"<p>Estimado cliente,<br>Le informamos de que los productos presentados en el sitio web son ejemplares y pueden cambiar. La informaci\u00f3n presentada sobre los productos no constituye una oferta en el sentido del C\u00f3digo Civil, y el contrato solo se celebra tras acordar los t\u00e9rminos del mismo con el cliente.<\/p>\n\n\n\n<p>Sunday Knight Co Ltd es propietaria de los derechos de autor de las fotos, dise\u00f1os de productos y contenidos publicados en el sitio web. Exceder el uso permitido, copiar, utilizar y difundir las obras publicadas en el sitio web est\u00e1 prohibido sin el consentimiento previo de Sunday Knight Co Ltd.<\/p>\n\n\n\n<p>La informaci\u00f3n de este sitio web puede contener errores e inexactitudes, que Sunday Knight Co Ltd podr\u00e1 corregir en cualquier momento sin notificarlo a los usuarios que visiten el sitio web.<\/p>\n\n\n\n<p>El sitio web utiliza la t\u00e9cnica de las \"cookies\". Se trata de archivos de texto que el sitio web guarda localmente en la memoria del navegador del ordenador del usuario. Las cookies no contienen datos personales de los usuarios. Las cookies pueden ser eliminadas por el usuario en cualquier momento y el sitio web puede utilizarse sin el uso de cookies. Para ello, utilice la opci\u00f3n \"desactivar\" en la configuraci\u00f3n del navegador en Microsoft Internet Explorer en la opci\u00f3n de men\u00fa \"Complementos \/ Opciones de Internet\", y en Mozilla Firerfox en \"Complementos \/ Configuraci\u00f3n\". Encontrar\u00e1 m\u00e1s informaci\u00f3n en el men\u00fa de ayuda del navegador correspondiente. La desactivaci\u00f3n o visualizaci\u00f3n de cookies puede afectar al funcionamiento del sitio web.<\/p>","protected":false},"excerpt":{"rendered":"","protected":false},"author":3,"featured_media":0,"parent":0,"menu_order":0,"comment_status":"closed","ping_status":"closed","template":"","meta":{"footnotes":""},"class_list":["post-23968","page","type-page","status-publish","hentry"],"yoast_head":"<!-- This site is optimized with the Yoast SEO plugin v27.4 - https:\/\/yoast.com\/product\/yoast-seo-wordpress\/ -->\n<title>Terms of use<\/title>\n<meta name=\"description\" content=\"Sunday Knight Co Ltd has proprietary copyrights to the photos, product designs and content posted on the website\" \/>\n<meta name=\"robots\" content=\"index, follow, max-snippet:-1, max-image-preview:large, max-video-preview:-1\" \/>\n<link rel=\"canonical\" href=\"https:\/\/www.sundayknight.com\/es\/terms-of-use\/\" \/>\n<meta property=\"og:locale\" content=\"es_ES\" \/>\n<meta property=\"og:type\" content=\"article\" \/>\n<meta property=\"og:title\" content=\"Terms of use\" \/>\n<meta property=\"og:description\" content=\"Sunday Knight Co Ltd has proprietary copyrights to the photos, product designs and content posted on the website\" \/>\n<meta property=\"og:url\" content=\"https:\/\/www.sundayknight.com\/es\/terms-of-use\/\" \/>\n<meta property=\"og:site_name\" content=\"Custom Acrylic Displays, Acrylic Display Stands, Acrylic Boxes\" \/>\n<meta property=\"article:modified_time\" content=\"2022-06-16T03:45:22+00:00\" \/>\n<meta name=\"twitter:label1\" content=\"Tiempo de lectura\" \/>\n\t<meta name=\"twitter:data1\" content=\"2 minutos\" \/>\n<script type=\"application\/ld+json\" class=\"yoast-schema-graph\">{\"@context\":\"https:\\\/\\\/schema.org\",\"@graph\":[{\"@type\":\"WebPage\",\"@id\":\"https:\\\/\\\/www.sundayknight.com\\\/terms-of-use\\\/\",\"url\":\"https:\\\/\\\/www.sundayknight.com\\\/terms-of-use\\\/\",\"name\":\"Terms of use\",\"isPartOf\":{\"@id\":\"https:\\\/\\\/www.sundayknight.com\\\/#website\"},\"datePublished\":\"2022-06-16T03:45:21+00:00\",\"dateModified\":\"2022-06-16T03:45:22+00:00\",\"description\":\"Sunday Knight Co Ltd has proprietary copyrights to the photos, product designs and content posted on the website\",\"breadcrumb\":{\"@id\":\"https:\\\/\\\/www.sundayknight.com\\\/terms-of-use\\\/#breadcrumb\"},\"inLanguage\":\"es\",\"potentialAction\":[{\"@type\":\"ReadAction\",\"target\":[\"https:\\\/\\\/www.sundayknight.com\\\/terms-of-use\\\/\"]}]},{\"@type\":\"BreadcrumbList\",\"@id\":\"https:\\\/\\\/www.sundayknight.com\\\/terms-of-use\\\/#breadcrumb\",\"itemListElement\":[{\"@type\":\"ListItem\",\"position\":1,\"name\":\"Home\",\"item\":\"https:\\\/\\\/www.sundayknight.com\\\/\"},{\"@type\":\"ListItem\",\"position\":2,\"name\":\"Terms of use\"}]},{\"@type\":\"WebSite\",\"@id\":\"https:\\\/\\\/www.sundayknight.com\\\/#website\",\"url\":\"https:\\\/\\\/www.sundayknight.com\\\/\",\"name\":\"Custom Acrylic Displays, Acrylic Display Stands, Acrylic Boxes\",\"description\":\"China Acrylic Products Manufacturer\",\"publisher\":{\"@id\":\"https:\\\/\\\/www.sundayknight.com\\\/#organization\"},\"potentialAction\":[{\"@type\":\"SearchAction\",\"target\":{\"@type\":\"EntryPoint\",\"urlTemplate\":\"https:\\\/\\\/www.sundayknight.com\\\/?s={search_term_string}\"},\"query-input\":{\"@type\":\"PropertyValueSpecification\",\"valueRequired\":true,\"valueName\":\"search_term_string\"}}],\"inLanguage\":\"es\"},{\"@type\":\"Organization\",\"@id\":\"https:\\\/\\\/www.sundayknight.com\\\/#organization\",\"name\":\"Sunday Knight Co. Ltd\",\"url\":\"https:\\\/\\\/www.sundayknight.com\\\/\",\"logo\":{\"@type\":\"ImageObject\",\"inLanguage\":\"es\",\"@id\":\"https:\\\/\\\/www.sundayknight.com\\\/#\\\/schema\\\/logo\\\/image\\\/\",\"url\":\"https:\\\/\\\/www.sundayknight.com\\\/wp-content\\\/uploads\\\/2021\\\/07\\\/LOGO202107182.png\",\"contentUrl\":\"https:\\\/\\\/www.sundayknight.com\\\/wp-content\\\/uploads\\\/2021\\\/07\\\/LOGO202107182.png\",\"width\":414,\"height\":80,\"caption\":\"Sunday Knight Co. Ltd\"},\"image\":{\"@id\":\"https:\\\/\\\/www.sundayknight.com\\\/#\\\/schema\\\/logo\\\/image\\\/\"}}]}<\/script>\n<!-- \/ Yoast SEO plugin. -->","yoast_head_json":{"title":"Condiciones de uso","description":"Sunday Knight Co Ltd es propietaria de los derechos de autor de las fotograf\u00edas, dise\u00f1os de productos y contenidos publicados en el sitio web.","robots":{"index":"index","follow":"follow","max-snippet":"max-snippet:-1","max-image-preview":"max-image-preview:large","max-video-preview":"max-video-preview:-1"},"canonical":"https:\/\/www.sundayknight.com\/es\/terms-of-use\/","og_locale":"es_ES","og_type":"article","og_title":"Terms of use","og_description":"Sunday Knight Co Ltd has proprietary copyrights to the photos, product designs and content posted on the website","og_url":"https:\/\/www.sundayknight.com\/es\/terms-of-use\/","og_site_name":"Custom Acrylic Displays, Acrylic Display Stands, Acrylic Boxes","article_modified_time":"2022-06-16T03:45:22+00:00","twitter_misc":{"Tiempo de lectura":"2 minutos"},"schema":{"@context":"https:\/\/schema.org","@graph":[{"@type":"WebPage","@id":"https:\/\/www.sundayknight.com\/terms-of-use\/","url":"https:\/\/www.sundayknight.com\/terms-of-use\/","name":"Condiciones de uso","isPartOf":{"@id":"https:\/\/www.sundayknight.com\/#website"},"datePublished":"2022-06-16T03:45:21+00:00","dateModified":"2022-06-16T03:45:22+00:00","description":"Sunday Knight Co Ltd es propietaria de los derechos de autor de las fotograf\u00edas, dise\u00f1os de productos y contenidos publicados en el sitio web.","breadcrumb":{"@id":"https:\/\/www.sundayknight.com\/terms-of-use\/#breadcrumb"},"inLanguage":"es","potentialAction":[{"@type":"ReadAction","target":["https:\/\/www.sundayknight.com\/terms-of-use\/"]}]},{"@type":"BreadcrumbList","@id":"https:\/\/www.sundayknight.com\/terms-of-use\/#breadcrumb","itemListElement":[{"@type":"ListItem","position":1,"name":"Home","item":"https:\/\/www.sundayknight.com\/"},{"@type":"ListItem","position":2,"name":"Terms of use"}]},{"@type":"WebSite","@id":"https:\/\/www.sundayknight.com\/#website","url":"https:\/\/www.sundayknight.com\/","name":"Expositores acr\u00edlicos personalizados, expositores acr\u00edlicos, cajas acr\u00edlicas","description":"China Fabricante de productos acr\u00edlicos","publisher":{"@id":"https:\/\/www.sundayknight.com\/#organization"},"potentialAction":[{"@type":"SearchAction","target":{"@type":"EntryPoint","urlTemplate":"https:\/\/www.sundayknight.com\/?s={search_term_string}"},"query-input":{"@type":"PropertyValueSpecification","valueRequired":true,"valueName":"search_term_string"}}],"inLanguage":"es"},{"@type":"Organization","@id":"https:\/\/www.sundayknight.com\/#organization","name":"Sunday Knight Co. Ltd","url":"https:\/\/www.sundayknight.com\/","logo":{"@type":"ImageObject","inLanguage":"es","@id":"https:\/\/www.sundayknight.com\/#\/schema\/logo\/image\/","url":"https:\/\/www.sundayknight.com\/wp-content\/uploads\/2021\/07\/LOGO202107182.png","contentUrl":"https:\/\/www.sundayknight.com\/wp-content\/uploads\/2021\/07\/LOGO202107182.png","width":414,"height":80,"caption":"Sunday Knight Co. Ltd"},"image":{"@id":"https:\/\/www.sundayknight.com\/#\/schema\/logo\/image\/"}}]}},"_links":{"self":[{"href":"https:\/\/www.sundayknight.com\/es\/wp-json\/wp\/v2\/pages\/23968","targetHints":{"allow":["GET"]}}],"collection":[{"href":"https:\/\/www.sundayknight.com\/es\/wp-json\/wp\/v2\/pages"}],"about":[{"href":"https:\/\/www.sundayknight.com\/es\/wp-json\/wp\/v2\/types\/page"}],"author":[{"embeddable":true,"href":"https:\/\/www.sundayknight.com\/es\/wp-json\/wp\/v2\/users\/3"}],"replies":[{"embeddable":true,"href":"https:\/\/www.sundayknight.com\/es\/wp-json\/wp\/v2\/comments?post=23968"}],"version-history":[{"count":0,"href":"https:\/\/www.sundayknight.com\/es\/wp-json\/wp\/v2\/pages\/23968\/revisions"}],"wp:attachment":[{"href":"https:\/\/www.sundayknight.com\/es\/wp-json\/wp\/v2\/media?parent=23968"}],"curies":[{"name":"wp","href":"https:\/\/api.w.org\/{rel}","templated":true}]}}