{"id":2416,"date":"2016-12-04T18:23:53","date_gmt":"2016-12-04T10:23:53","guid":{"rendered":"http:\/\/rt18-t1030.bshark.com\/?page_id=2416"},"modified":"2020-06-10T21:33:35","modified_gmt":"2020-06-11T04:33:35","slug":"products","status":"publish","type":"page","link":"https:\/\/www.sundayknight.com\/es\/products\/","title":{"rendered":"Productos"},"content":{"rendered":"","protected":false},"excerpt":{"rendered":"","protected":false},"author":3,"featured_media":0,"parent":0,"menu_order":0,"comment_status":"open","ping_status":"closed","template":"","meta":{"footnotes":""},"class_list":["post-2416","page","type-page","status-publish","hentry"],"yoast_head":"<!-- This site is optimized with the Yoast SEO plugin v27.4 - https:\/\/yoast.com\/product\/yoast-seo-wordpress\/ -->\n<title>Custom acrylic displays, acrylic box, acrylic blocks, brochure holders<\/title>\n<meta name=\"description\" content=\"China acrylic manufacturer offers custom acrylic displays, acrylic box, makeup display, brochure holders, acrylic blocks, food display, acrylic furniture.\" \/>\n<meta name=\"robots\" content=\"index, follow, max-snippet:-1, max-image-preview:large, max-video-preview:-1\" \/>\n<link rel=\"canonical\" href=\"https:\/\/www.sundayknight.com\/es\/products\/\" \/>\n<meta property=\"og:locale\" content=\"es_ES\" \/>\n<meta property=\"og:type\" content=\"article\" \/>\n<meta property=\"og:title\" content=\"Custom acrylic displays, acrylic box, acrylic blocks, brochure holders\" \/>\n<meta property=\"og:description\" content=\"China acrylic manufacturer offers custom acrylic displays, acrylic box, makeup display, brochure holders, acrylic blocks, food display, acrylic furniture.\" \/>\n<meta property=\"og:url\" content=\"https:\/\/www.sundayknight.com\/es\/products\/\" \/>\n<meta property=\"og:site_name\" content=\"Custom Acrylic Displays, Acrylic Display Stands, Acrylic Boxes\" \/>\n<meta property=\"article:modified_time\" content=\"2020-06-11T04:33:35+00:00\" \/>\n<script type=\"application\/ld+json\" class=\"yoast-schema-graph\">{\"@context\":\"https:\\\/\\\/schema.org\",\"@graph\":[{\"@type\":\"WebPage\",\"@id\":\"https:\\\/\\\/www.sundayknight.com\\\/products\\\/\",\"url\":\"https:\\\/\\\/www.sundayknight.com\\\/products\\\/\",\"name\":\"Custom acrylic displays, acrylic box, acrylic blocks, brochure holders\",\"isPartOf\":{\"@id\":\"https:\\\/\\\/www.sundayknight.com\\\/#website\"},\"datePublished\":\"2016-12-04T10:23:53+00:00\",\"dateModified\":\"2020-06-11T04:33:35+00:00\",\"description\":\"China acrylic manufacturer offers custom acrylic displays, acrylic box, makeup display, brochure holders, acrylic blocks, food display, acrylic furniture.\",\"breadcrumb\":{\"@id\":\"https:\\\/\\\/www.sundayknight.com\\\/products\\\/#breadcrumb\"},\"inLanguage\":\"es\",\"potentialAction\":[{\"@type\":\"ReadAction\",\"target\":[\"https:\\\/\\\/www.sundayknight.com\\\/products\\\/\"]}]},{\"@type\":\"BreadcrumbList\",\"@id\":\"https:\\\/\\\/www.sundayknight.com\\\/products\\\/#breadcrumb\",\"itemListElement\":[{\"@type\":\"ListItem\",\"position\":1,\"name\":\"Home\",\"item\":\"https:\\\/\\\/www.sundayknight.com\\\/\"},{\"@type\":\"ListItem\",\"position\":2,\"name\":\"Products\"}]},{\"@type\":\"WebSite\",\"@id\":\"https:\\\/\\\/www.sundayknight.com\\\/#website\",\"url\":\"https:\\\/\\\/www.sundayknight.com\\\/\",\"name\":\"Custom Acrylic Displays, Acrylic Display Stands, Acrylic Boxes\",\"description\":\"China Acrylic Products Manufacturer\",\"publisher\":{\"@id\":\"https:\\\/\\\/www.sundayknight.com\\\/#organization\"},\"potentialAction\":[{\"@type\":\"SearchAction\",\"target\":{\"@type\":\"EntryPoint\",\"urlTemplate\":\"https:\\\/\\\/www.sundayknight.com\\\/?s={search_term_string}\"},\"query-input\":{\"@type\":\"PropertyValueSpecification\",\"valueRequired\":true,\"valueName\":\"search_term_string\"}}],\"inLanguage\":\"es\"},{\"@type\":\"Organization\",\"@id\":\"https:\\\/\\\/www.sundayknight.com\\\/#organization\",\"name\":\"Sunday Knight Co. Ltd\",\"url\":\"https:\\\/\\\/www.sundayknight.com\\\/\",\"logo\":{\"@type\":\"ImageObject\",\"inLanguage\":\"es\",\"@id\":\"https:\\\/\\\/www.sundayknight.com\\\/#\\\/schema\\\/logo\\\/image\\\/\",\"url\":\"https:\\\/\\\/www.sundayknight.com\\\/wp-content\\\/uploads\\\/2021\\\/07\\\/LOGO202107182.png\",\"contentUrl\":\"https:\\\/\\\/www.sundayknight.com\\\/wp-content\\\/uploads\\\/2021\\\/07\\\/LOGO202107182.png\",\"width\":414,\"height\":80,\"caption\":\"Sunday Knight Co. Ltd\"},\"image\":{\"@id\":\"https:\\\/\\\/www.sundayknight.com\\\/#\\\/schema\\\/logo\\\/image\\\/\"}}]}<\/script>\n<!-- \/ Yoast SEO plugin. -->","yoast_head_json":{"title":"Expositores acr\u00edlicos personalizados, cajas acr\u00edlicas, bloques acr\u00edlicos, portafolletos","description":"El fabricante de acr\u00edlico de China ofrece expositores de acr\u00edlico personalizados, cajas de acr\u00edlico, expositores de maquillaje, portafolletos, bloques de acr\u00edlico, expositores de alimentos, muebles de acr\u00edlico.","robots":{"index":"index","follow":"follow","max-snippet":"max-snippet:-1","max-image-preview":"max-image-preview:large","max-video-preview":"max-video-preview:-1"},"canonical":"https:\/\/www.sundayknight.com\/es\/products\/","og_locale":"es_ES","og_type":"article","og_title":"Custom acrylic displays, acrylic box, acrylic blocks, brochure holders","og_description":"China acrylic manufacturer offers custom acrylic displays, acrylic box, makeup display, brochure holders, acrylic blocks, food display, acrylic furniture.","og_url":"https:\/\/www.sundayknight.com\/es\/products\/","og_site_name":"Custom Acrylic Displays, Acrylic Display Stands, Acrylic Boxes","article_modified_time":"2020-06-11T04:33:35+00:00","schema":{"@context":"https:\/\/schema.org","@graph":[{"@type":"WebPage","@id":"https:\/\/www.sundayknight.com\/products\/","url":"https:\/\/www.sundayknight.com\/products\/","name":"Expositores acr\u00edlicos personalizados, cajas acr\u00edlicas, bloques acr\u00edlicos, portafolletos","isPartOf":{"@id":"https:\/\/www.sundayknight.com\/#website"},"datePublished":"2016-12-04T10:23:53+00:00","dateModified":"2020-06-11T04:33:35+00:00","description":"El fabricante de acr\u00edlico de China ofrece expositores de acr\u00edlico personalizados, cajas de acr\u00edlico, expositores de maquillaje, portafolletos, bloques de acr\u00edlico, expositores de alimentos, muebles de acr\u00edlico.","breadcrumb":{"@id":"https:\/\/www.sundayknight.com\/products\/#breadcrumb"},"inLanguage":"es","potentialAction":[{"@type":"ReadAction","target":["https:\/\/www.sundayknight.com\/products\/"]}]},{"@type":"BreadcrumbList","@id":"https:\/\/www.sundayknight.com\/products\/#breadcrumb","itemListElement":[{"@type":"ListItem","position":1,"name":"Home","item":"https:\/\/www.sundayknight.com\/"},{"@type":"ListItem","position":2,"name":"Products"}]},{"@type":"WebSite","@id":"https:\/\/www.sundayknight.com\/#website","url":"https:\/\/www.sundayknight.com\/","name":"Expositores acr\u00edlicos personalizados, expositores acr\u00edlicos, cajas acr\u00edlicas","description":"China Fabricante de productos acr\u00edlicos","publisher":{"@id":"https:\/\/www.sundayknight.com\/#organization"},"potentialAction":[{"@type":"SearchAction","target":{"@type":"EntryPoint","urlTemplate":"https:\/\/www.sundayknight.com\/?s={search_term_string}"},"query-input":{"@type":"PropertyValueSpecification","valueRequired":true,"valueName":"search_term_string"}}],"inLanguage":"es"},{"@type":"Organization","@id":"https:\/\/www.sundayknight.com\/#organization","name":"Sunday Knight Co. Ltd","url":"https:\/\/www.sundayknight.com\/","logo":{"@type":"ImageObject","inLanguage":"es","@id":"https:\/\/www.sundayknight.com\/#\/schema\/logo\/image\/","url":"https:\/\/www.sundayknight.com\/wp-content\/uploads\/2021\/07\/LOGO202107182.png","contentUrl":"https:\/\/www.sundayknight.com\/wp-content\/uploads\/2021\/07\/LOGO202107182.png","width":414,"height":80,"caption":"Sunday Knight Co. Ltd"},"image":{"@id":"https:\/\/www.sundayknight.com\/#\/schema\/logo\/image\/"}}]}},"_links":{"self":[{"href":"https:\/\/www.sundayknight.com\/es\/wp-json\/wp\/v2\/pages\/2416","targetHints":{"allow":["GET"]}}],"collection":[{"href":"https:\/\/www.sundayknight.com\/es\/wp-json\/wp\/v2\/pages"}],"about":[{"href":"https:\/\/www.sundayknight.com\/es\/wp-json\/wp\/v2\/types\/page"}],"author":[{"embeddable":true,"href":"https:\/\/www.sundayknight.com\/es\/wp-json\/wp\/v2\/users\/3"}],"replies":[{"embeddable":true,"href":"https:\/\/www.sundayknight.com\/es\/wp-json\/wp\/v2\/comments?post=2416"}],"version-history":[{"count":0,"href":"https:\/\/www.sundayknight.com\/es\/wp-json\/wp\/v2\/pages\/2416\/revisions"}],"wp:attachment":[{"href":"https:\/\/www.sundayknight.com\/es\/wp-json\/wp\/v2\/media?parent=2416"}],"curies":[{"name":"wp","href":"https:\/\/api.w.org\/{rel}","templated":true}]}}