{"id":55,"date":"2016-12-02T13:37:39","date_gmt":"2016-12-02T05:37:39","guid":{"rendered":"http:\/\/rt18-t1028.bshark.com\/?page_id=55"},"modified":"2026-02-08T22:31:36","modified_gmt":"2026-02-08T14:31:36","slug":"about-us","status":"publish","type":"page","link":"https:\/\/www.sundayknight.com\/es\/about-us\/","title":{"rendered":"Qui\u00e9nes somos"},"content":{"rendered":"<div class=\"wp-block-group\"><div class=\"wp-block-group__inner-container is-layout-flow wp-block-group-is-layout-flow\">\n<h2 class=\"wp-block-heading\"><strong>Sunday Knight Co., Ltd<\/strong><\/h2>\n\n\n\n<p>Somos fabricantes en China de <strong>fabricaci\u00f3n de acr\u00edlico a medida<\/strong>es una empresa dedicada a la creaci\u00f3n de productos de alta calidad y dise\u00f1o vanguardista que hacen la vida cotidiana un poco m\u00e1s brillante. Nuestro objetivo es aportar alegr\u00eda e inspiraci\u00f3n a tu rutina diaria a trav\u00e9s de nuestros productos, y difundir positividad all\u00e1 donde vayamos.<\/p>\n\n\n\n<p>Como fabricante de productos acr\u00edlicos, ofrecemos una amplia gama de art\u00edculos acr\u00edlicos innovadores y elegantes, entre los que se incluyen <strong>Cajas acr\u00edlicas personalizadas<\/strong> y <strong>Expositores acr\u00edlicos personalizados<\/strong>etc., que son funcionales y bonitos. Nuestros soportes acr\u00edlicos est\u00e1n dise\u00f1ados con atenci\u00f3n al detalle y un enfoque en la calidad, por lo que la adici\u00f3n perfecta a cualquier hogar, oficina o tienda.<\/p>\n\n\n\n<iframe width=\"560\" height=\"315\" src=\"https:\/\/www.youtube-nocookie.com\/embed\/qCuEBCSjAqs?si=a8oCV9Iq5nnoQ1qB\" title=\"Reproductor de v\u00eddeo YouTube\" frameborder=\"0\" allow=\"accelerometer; autoplay; clipboard-write; encrypted-media; gyroscope; picture-in-picture; web-share\" referrerpolicy=\"strict-origin-when-cross-origin\" allowfullscreen><\/iframe>\n\n\n\n<p>Fundada en 2012, Sunday Knight Co. comenz\u00f3 como una peque\u00f1a operaci\u00f3n de venta de art\u00edculos hechos a mano. Con los a\u00f1os, hemos ampliado nuestra l\u00ednea de productos para incluir una gran variedad de art\u00edculos que seguro que impresionan. Desde cajas acr\u00edlicas a medida y expositores acr\u00edlicos hasta todo tipo de art\u00edculos complicados, nuestros productos est\u00e1n dise\u00f1ados pensando en el cliente y seguro que le sacan una sonrisa.<\/p>\n\n\n\n<p>En Sunday Knight Co. Ltd, creemos que la vida es demasiado corta para conformarse con productos que no le arranquen una sonrisa. Por eso nos dedicamos a encontrar y abastecernos de los mejores materiales, y por eso trabajamos con artesanos y fabricantes de talento para dar vida a nuestros dise\u00f1os.<\/p>\n\n\n\n<p>Estamos orgullosos de ser una peque\u00f1a empresa y nos comprometemos a retribuir a nuestra comunidad. Una parte de nuestros beneficios se dona a organizaciones locales y nacionales que apoyan la educaci\u00f3n art\u00edstica y de dise\u00f1o, as\u00ed como a organizaciones que trabajan para tener un impacto positivo en el medio ambiente.<\/p>\n\n\n\n<p>Gracias por elegirnos como fabricante de productos acr\u00edlicos. Esperamos que nuestros productos aporten un poco m\u00e1s de alegr\u00eda e inspiraci\u00f3n a su vida.<\/p>\n\n\n\n<p>Atentamente,<br>Sophia Hu<br>Fundador, Sunday Knight Co. Ltd<\/p>\n\n\n\n<h3 class=\"wp-block-heading\"><strong>Tiro en f\u00e1brica<\/strong><\/h3>\n\n\n<div class=\"wp-block-image\">\n<figure class=\"aligncenter size-full\"><img decoding=\"async\" width=\"1000\" height=\"679\" src=\"https:\/\/www.sundayknight.com\/wp-content\/uploads\/2022\/09\/Sunday-Knight-Co-Ltd-Workshop-202209.webp\" alt=\"Taller Sunday Knight Co Ltd\" class=\"wp-image-24940\" srcset=\"https:\/\/www.sundayknight.com\/wp-content\/uploads\/2022\/09\/Sunday-Knight-Co-Ltd-Workshop-202209.webp 1000w, https:\/\/www.sundayknight.com\/wp-content\/uploads\/2022\/09\/Sunday-Knight-Co-Ltd-Workshop-202209-400x272.webp 400w, https:\/\/www.sundayknight.com\/wp-content\/uploads\/2022\/09\/Sunday-Knight-Co-Ltd-Workshop-202209-768x521.webp 768w\" sizes=\"(max-width: 1000px) 100vw, 1000px\" \/><\/figure>\n<\/div>\n\n\n<h3 class=\"wp-block-heading has-text-color has-medium-font-size\" style=\"color:#050101\"><strong>\u00bfPor qu\u00e9 elegirnos?<\/strong><\/h3>\n\n\n\n<p class=\"has-black-color has-text-color\"><mark style=\"background-color:rgba(0, 0, 0, 0)\" class=\"has-inline-color has-vivid-purple-color\"><strong>Directo de f\u00e1brica<\/strong>, <strong>Precio razonable<\/strong><\/mark><br>Sin intermediarios, puede ahorrar mucho dinero.<\/p>\n\n\n\n<p><strong><span class=\"has-inline-color has-vivid-purple-color\">Calidad garantizada<\/span><\/strong><br>100% satisfacci\u00f3n garantizada.<\/p>\n\n\n\n<p><strong><span class=\"has-inline-color has-vivid-purple-color\">Servicio de personalizaci\u00f3n<\/span><\/strong><br>D\u00edganos lo que quiere, nosotros hacemos el resto.<\/p>\n\n\n\n<p><strong><span class=\"has-inline-color has-vivid-purple-color\">Presupuesto r\u00e1pido<\/span><\/strong><br>Responderemos a todos los correos electr\u00f3nicos en un plazo de 1 a 8 horas. <\/p>\n\n\n\n<p><strong><span class=\"has-inline-color has-vivid-purple-color\">Plazo de entrega r\u00e1pido<\/span><\/strong><br>Somos fabricantes directos, podemos ajustar nuestro programa de producci\u00f3n para satisfacer los pedidos urgentes de los clientes.<\/p>\n\n\n\n<h3 class=\"wp-block-heading has-black-color has-text-color has-medium-font-size\"><strong>Algunas de nuestras empresas colaboradoras<\/strong><\/h3>\n\n\n\n<figure class=\"wp-block-image size-full\"><img decoding=\"async\" width=\"1200\" height=\"190\" src=\"https:\/\/www.sundayknight.com\/wp-content\/uploads\/2022\/09\/Corporate-Partners.webp\" alt=\"Empresas colaboradoras\" class=\"wp-image-24941\" srcset=\"https:\/\/www.sundayknight.com\/wp-content\/uploads\/2022\/09\/Corporate-Partners.webp 1200w, https:\/\/www.sundayknight.com\/wp-content\/uploads\/2022\/09\/Corporate-Partners-400x63.webp 400w, https:\/\/www.sundayknight.com\/wp-content\/uploads\/2022\/09\/Corporate-Partners-768x122.webp 768w\" sizes=\"(max-width: 1200px) 100vw, 1200px\" \/><\/figure>\n<\/div><\/div>","protected":false},"excerpt":{"rendered":"","protected":false},"author":3,"featured_media":0,"parent":0,"menu_order":0,"comment_status":"closed","ping_status":"closed","template":"","meta":{"footnotes":""},"class_list":["post-55","page","type-page","status-publish","hentry"],"yoast_head":"<!-- This site is optimized with the Yoast SEO plugin v27.3 - https:\/\/yoast.com\/product\/yoast-seo-wordpress\/ -->\n<title>About us - We are Chinese acrylic display manufacturer, acrylic factory<\/title>\n<meta name=\"description\" content=\"We offer custom made service for POP, POS displays, table tents, picture\/photo frames, brochure holders, menu holders&amp; sign holders,bulk food bins.\" \/>\n<meta name=\"robots\" content=\"index, follow, max-snippet:-1, max-image-preview:large, max-video-preview:-1\" \/>\n<link rel=\"canonical\" href=\"https:\/\/www.sundayknight.com\/es\/about-us\/\" \/>\n<meta property=\"og:locale\" content=\"es_ES\" \/>\n<meta property=\"og:type\" content=\"article\" \/>\n<meta property=\"og:title\" content=\"About us - We are Chinese acrylic display manufacturer, acrylic factory\" \/>\n<meta property=\"og:description\" content=\"We offer custom made service for POP, POS displays, table tents, picture\/photo frames, brochure holders, menu holders&amp; sign holders,bulk food bins.\" \/>\n<meta property=\"og:url\" content=\"https:\/\/www.sundayknight.com\/es\/about-us\/\" \/>\n<meta property=\"og:site_name\" content=\"Custom Acrylic Displays, Acrylic Display Stands, Acrylic Boxes\" \/>\n<meta property=\"article:modified_time\" content=\"2026-02-08T14:31:36+00:00\" \/>\n<meta property=\"og:image\" content=\"https:\/\/www.sundayknight.com\/wp-content\/uploads\/2022\/09\/Sunday-Knight-Co-Ltd-Workshop-202209.webp\" \/>\n\t<meta property=\"og:image:width\" content=\"1000\" \/>\n\t<meta property=\"og:image:height\" content=\"679\" \/>\n\t<meta property=\"og:image:type\" content=\"image\/webp\" \/>\n<meta name=\"twitter:label1\" content=\"Tiempo de lectura\" \/>\n\t<meta name=\"twitter:data1\" content=\"3 minutos\" \/>\n<script type=\"application\/ld+json\" class=\"yoast-schema-graph\">{\"@context\":\"https:\\\/\\\/schema.org\",\"@graph\":[{\"@type\":\"WebPage\",\"@id\":\"https:\\\/\\\/www.sundayknight.com\\\/about-us\\\/\",\"url\":\"https:\\\/\\\/www.sundayknight.com\\\/about-us\\\/\",\"name\":\"About us - We are Chinese acrylic display manufacturer, acrylic factory\",\"isPartOf\":{\"@id\":\"https:\\\/\\\/www.sundayknight.com\\\/#website\"},\"primaryImageOfPage\":{\"@id\":\"https:\\\/\\\/www.sundayknight.com\\\/about-us\\\/#primaryimage\"},\"image\":{\"@id\":\"https:\\\/\\\/www.sundayknight.com\\\/about-us\\\/#primaryimage\"},\"thumbnailUrl\":\"https:\\\/\\\/www.sundayknight.com\\\/wp-content\\\/uploads\\\/2022\\\/09\\\/Sunday-Knight-Co-Ltd-Workshop-202209.webp\",\"datePublished\":\"2016-12-02T05:37:39+00:00\",\"dateModified\":\"2026-02-08T14:31:36+00:00\",\"description\":\"We offer custom made service for POP, POS displays, table tents, picture\\\/photo frames, brochure holders, menu holders& sign holders,bulk food bins.\",\"breadcrumb\":{\"@id\":\"https:\\\/\\\/www.sundayknight.com\\\/about-us\\\/#breadcrumb\"},\"inLanguage\":\"es\",\"potentialAction\":[{\"@type\":\"ReadAction\",\"target\":[\"https:\\\/\\\/www.sundayknight.com\\\/about-us\\\/\"]}]},{\"@type\":\"ImageObject\",\"inLanguage\":\"es\",\"@id\":\"https:\\\/\\\/www.sundayknight.com\\\/about-us\\\/#primaryimage\",\"url\":\"https:\\\/\\\/www.sundayknight.com\\\/wp-content\\\/uploads\\\/2022\\\/09\\\/Sunday-Knight-Co-Ltd-Workshop-202209.webp\",\"contentUrl\":\"https:\\\/\\\/www.sundayknight.com\\\/wp-content\\\/uploads\\\/2022\\\/09\\\/Sunday-Knight-Co-Ltd-Workshop-202209.webp\"},{\"@type\":\"BreadcrumbList\",\"@id\":\"https:\\\/\\\/www.sundayknight.com\\\/about-us\\\/#breadcrumb\",\"itemListElement\":[{\"@type\":\"ListItem\",\"position\":1,\"name\":\"Home\",\"item\":\"https:\\\/\\\/www.sundayknight.com\\\/\"},{\"@type\":\"ListItem\",\"position\":2,\"name\":\"About us\"}]},{\"@type\":\"WebSite\",\"@id\":\"https:\\\/\\\/www.sundayknight.com\\\/#website\",\"url\":\"https:\\\/\\\/www.sundayknight.com\\\/\",\"name\":\"Custom Acrylic Displays, Acrylic Display Stands, Acrylic Boxes\",\"description\":\"China Acrylic Products Manufacturer\",\"publisher\":{\"@id\":\"https:\\\/\\\/www.sundayknight.com\\\/#organization\"},\"potentialAction\":[{\"@type\":\"SearchAction\",\"target\":{\"@type\":\"EntryPoint\",\"urlTemplate\":\"https:\\\/\\\/www.sundayknight.com\\\/?s={search_term_string}\"},\"query-input\":{\"@type\":\"PropertyValueSpecification\",\"valueRequired\":true,\"valueName\":\"search_term_string\"}}],\"inLanguage\":\"es\"},{\"@type\":\"Organization\",\"@id\":\"https:\\\/\\\/www.sundayknight.com\\\/#organization\",\"name\":\"Sunday Knight Co. Ltd\",\"url\":\"https:\\\/\\\/www.sundayknight.com\\\/\",\"logo\":{\"@type\":\"ImageObject\",\"inLanguage\":\"es\",\"@id\":\"https:\\\/\\\/www.sundayknight.com\\\/#\\\/schema\\\/logo\\\/image\\\/\",\"url\":\"https:\\\/\\\/www.sundayknight.com\\\/wp-content\\\/uploads\\\/2021\\\/07\\\/LOGO202107182.png\",\"contentUrl\":\"https:\\\/\\\/www.sundayknight.com\\\/wp-content\\\/uploads\\\/2021\\\/07\\\/LOGO202107182.png\",\"width\":414,\"height\":80,\"caption\":\"Sunday Knight Co. Ltd\"},\"image\":{\"@id\":\"https:\\\/\\\/www.sundayknight.com\\\/#\\\/schema\\\/logo\\\/image\\\/\"}}]}<\/script>\n<!-- \/ Yoast SEO plugin. -->","yoast_head_json":{"title":"Sobre nosotros - Somos fabricante chino de la exhibici\u00f3n de acr\u00edlico, f\u00e1brica de acr\u00edlico","description":"Ofrecemos servicios a medida para PLV, expositores de punto de venta, carpas de mesa, marcos para fotos, portafolletos, portamen\u00fas y portaetiquetas, contenedores de alimentos a granel.","robots":{"index":"index","follow":"follow","max-snippet":"max-snippet:-1","max-image-preview":"max-image-preview:large","max-video-preview":"max-video-preview:-1"},"canonical":"https:\/\/www.sundayknight.com\/es\/about-us\/","og_locale":"es_ES","og_type":"article","og_title":"About us - We are Chinese acrylic display manufacturer, acrylic factory","og_description":"We offer custom made service for POP, POS displays, table tents, picture\/photo frames, brochure holders, menu holders& sign holders,bulk food bins.","og_url":"https:\/\/www.sundayknight.com\/es\/about-us\/","og_site_name":"Custom Acrylic Displays, Acrylic Display Stands, Acrylic Boxes","article_modified_time":"2026-02-08T14:31:36+00:00","og_image":[{"width":1000,"height":679,"url":"https:\/\/www.sundayknight.com\/wp-content\/uploads\/2022\/09\/Sunday-Knight-Co-Ltd-Workshop-202209.webp","type":"image\/webp"}],"twitter_misc":{"Tiempo de lectura":"3 minutos"},"schema":{"@context":"https:\/\/schema.org","@graph":[{"@type":"WebPage","@id":"https:\/\/www.sundayknight.com\/about-us\/","url":"https:\/\/www.sundayknight.com\/about-us\/","name":"Sobre nosotros - Somos fabricante chino de la exhibici\u00f3n de acr\u00edlico, f\u00e1brica de acr\u00edlico","isPartOf":{"@id":"https:\/\/www.sundayknight.com\/#website"},"primaryImageOfPage":{"@id":"https:\/\/www.sundayknight.com\/about-us\/#primaryimage"},"image":{"@id":"https:\/\/www.sundayknight.com\/about-us\/#primaryimage"},"thumbnailUrl":"https:\/\/www.sundayknight.com\/wp-content\/uploads\/2022\/09\/Sunday-Knight-Co-Ltd-Workshop-202209.webp","datePublished":"2016-12-02T05:37:39+00:00","dateModified":"2026-02-08T14:31:36+00:00","description":"Ofrecemos servicios a medida para PLV, expositores de punto de venta, carpas de mesa, marcos para fotos, portafolletos, portamen\u00fas y portaetiquetas, contenedores de alimentos a granel.","breadcrumb":{"@id":"https:\/\/www.sundayknight.com\/about-us\/#breadcrumb"},"inLanguage":"es","potentialAction":[{"@type":"ReadAction","target":["https:\/\/www.sundayknight.com\/about-us\/"]}]},{"@type":"ImageObject","inLanguage":"es","@id":"https:\/\/www.sundayknight.com\/about-us\/#primaryimage","url":"https:\/\/www.sundayknight.com\/wp-content\/uploads\/2022\/09\/Sunday-Knight-Co-Ltd-Workshop-202209.webp","contentUrl":"https:\/\/www.sundayknight.com\/wp-content\/uploads\/2022\/09\/Sunday-Knight-Co-Ltd-Workshop-202209.webp"},{"@type":"BreadcrumbList","@id":"https:\/\/www.sundayknight.com\/about-us\/#breadcrumb","itemListElement":[{"@type":"ListItem","position":1,"name":"Home","item":"https:\/\/www.sundayknight.com\/"},{"@type":"ListItem","position":2,"name":"About us"}]},{"@type":"WebSite","@id":"https:\/\/www.sundayknight.com\/#website","url":"https:\/\/www.sundayknight.com\/","name":"Expositores acr\u00edlicos personalizados, expositores acr\u00edlicos, cajas acr\u00edlicas","description":"China Fabricante de productos acr\u00edlicos","publisher":{"@id":"https:\/\/www.sundayknight.com\/#organization"},"potentialAction":[{"@type":"SearchAction","target":{"@type":"EntryPoint","urlTemplate":"https:\/\/www.sundayknight.com\/?s={search_term_string}"},"query-input":{"@type":"PropertyValueSpecification","valueRequired":true,"valueName":"search_term_string"}}],"inLanguage":"es"},{"@type":"Organization","@id":"https:\/\/www.sundayknight.com\/#organization","name":"Sunday Knight Co. Ltd","url":"https:\/\/www.sundayknight.com\/","logo":{"@type":"ImageObject","inLanguage":"es","@id":"https:\/\/www.sundayknight.com\/#\/schema\/logo\/image\/","url":"https:\/\/www.sundayknight.com\/wp-content\/uploads\/2021\/07\/LOGO202107182.png","contentUrl":"https:\/\/www.sundayknight.com\/wp-content\/uploads\/2021\/07\/LOGO202107182.png","width":414,"height":80,"caption":"Sunday Knight Co. Ltd"},"image":{"@id":"https:\/\/www.sundayknight.com\/#\/schema\/logo\/image\/"}}]}},"_links":{"self":[{"href":"https:\/\/www.sundayknight.com\/es\/wp-json\/wp\/v2\/pages\/55","targetHints":{"allow":["GET"]}}],"collection":[{"href":"https:\/\/www.sundayknight.com\/es\/wp-json\/wp\/v2\/pages"}],"about":[{"href":"https:\/\/www.sundayknight.com\/es\/wp-json\/wp\/v2\/types\/page"}],"author":[{"embeddable":true,"href":"https:\/\/www.sundayknight.com\/es\/wp-json\/wp\/v2\/users\/3"}],"replies":[{"embeddable":true,"href":"https:\/\/www.sundayknight.com\/es\/wp-json\/wp\/v2\/comments?post=55"}],"version-history":[{"count":0,"href":"https:\/\/www.sundayknight.com\/es\/wp-json\/wp\/v2\/pages\/55\/revisions"}],"wp:attachment":[{"href":"https:\/\/www.sundayknight.com\/es\/wp-json\/wp\/v2\/media?parent=55"}],"curies":[{"name":"wp","href":"https:\/\/api.w.org\/{rel}","templated":true}]}}