{"id":19026,"date":"2021-05-04T06:10:29","date_gmt":"2021-05-04T13:10:29","guid":{"rendered":"https:\/\/www.sundayknight.com\/?page_id=19026"},"modified":"2021-05-04T06:41:45","modified_gmt":"2021-05-04T13:41:45","slug":"corporate-philanthropy","status":"publish","type":"page","link":"https:\/\/www.sundayknight.com\/fr\/corporate-philanthropy\/","title":{"rendered":"Philanthropie d'entreprise"},"content":{"rendered":"<p>Sunday Knight Co Ltd s'est engag\u00e9e dans le m\u00e9c\u00e9nat d'entreprise. Depuis la cr\u00e9ation de l'entreprise en 2012, elle a tenu \u00e0 utiliser 0,8% de chaque commande pour acheter des livres pour les enfants n\u00e9cessiteux dans les zones de pauvret\u00e9. \u00c0 ce jour, plus de 55 000 livres ont \u00e9t\u00e9 donn\u00e9s, pour une valeur cumul\u00e9e de plus de 245 000 dollars am\u00e9ricains.<\/p>\n<p><img decoding=\"async\" class=\"wp-image-19028\" src=\"https:\/\/www.sundayknight.com\/wp-content\/uploads\/2021\/05\/Sunday-Knight-Co-Ltd-Philanthropy-1.jpg\" alt=\"Sunday Knight Co Ltd Philanthropie-1\" width=\"1000\" height=\"750\" srcset=\"https:\/\/www.sundayknight.com\/wp-content\/uploads\/2021\/05\/Sunday-Knight-Co-Ltd-Philanthropy-1.jpg 1000w, https:\/\/www.sundayknight.com\/wp-content\/uploads\/2021\/05\/Sunday-Knight-Co-Ltd-Philanthropy-1-400x300.jpg 400w, https:\/\/www.sundayknight.com\/wp-content\/uploads\/2021\/05\/Sunday-Knight-Co-Ltd-Philanthropy-1-768x576.jpg 768w\" sizes=\"(max-width: 1000px) 100vw, 1000px\" \/><\/p>\n<p><img decoding=\"async\" class=\"size-full wp-image-19030\" src=\"https:\/\/www.sundayknight.com\/wp-content\/uploads\/2021\/05\/Sunday-Knight-Co-Ltd-Philanthropy-3.jpg\" alt=\"Sunday Knight Co Ltd Philanthropie-3\" width=\"1000\" height=\"750\" srcset=\"https:\/\/www.sundayknight.com\/wp-content\/uploads\/2021\/05\/Sunday-Knight-Co-Ltd-Philanthropy-3.jpg 1000w, https:\/\/www.sundayknight.com\/wp-content\/uploads\/2021\/05\/Sunday-Knight-Co-Ltd-Philanthropy-3-400x300.jpg 400w, https:\/\/www.sundayknight.com\/wp-content\/uploads\/2021\/05\/Sunday-Knight-Co-Ltd-Philanthropy-3-768x576.jpg 768w\" sizes=\"(max-width: 1000px) 100vw, 1000px\" \/><\/p>\n<p><img decoding=\"async\" class=\"size-full wp-image-19029\" src=\"https:\/\/www.sundayknight.com\/wp-content\/uploads\/2021\/05\/Sunday-Knight-Co-Ltd-Philanthropy-2.jpg\" alt=\"Sunday Knight Co Ltd Philanthropie-2\" width=\"1000\" height=\"750\" srcset=\"https:\/\/www.sundayknight.com\/wp-content\/uploads\/2021\/05\/Sunday-Knight-Co-Ltd-Philanthropy-2.jpg 1000w, https:\/\/www.sundayknight.com\/wp-content\/uploads\/2021\/05\/Sunday-Knight-Co-Ltd-Philanthropy-2-400x300.jpg 400w, https:\/\/www.sundayknight.com\/wp-content\/uploads\/2021\/05\/Sunday-Knight-Co-Ltd-Philanthropy-2-768x576.jpg 768w\" sizes=\"(max-width: 1000px) 100vw, 1000px\" \/><\/p>\n<p><img decoding=\"async\" class=\"size-full wp-image-19031\" src=\"https:\/\/www.sundayknight.com\/wp-content\/uploads\/2021\/05\/Sunday-Knight-Co-Ltd-Philanthropy-4.jpg\" alt=\"Sunday Knight Co Ltd Philanthropie-4\" width=\"1000\" height=\"750\" srcset=\"https:\/\/www.sundayknight.com\/wp-content\/uploads\/2021\/05\/Sunday-Knight-Co-Ltd-Philanthropy-4.jpg 1000w, https:\/\/www.sundayknight.com\/wp-content\/uploads\/2021\/05\/Sunday-Knight-Co-Ltd-Philanthropy-4-400x300.jpg 400w, https:\/\/www.sundayknight.com\/wp-content\/uploads\/2021\/05\/Sunday-Knight-Co-Ltd-Philanthropy-4-768x576.jpg 768w\" sizes=\"(max-width: 1000px) 100vw, 1000px\" \/><\/p>\n\n\n<p><\/p>","protected":false},"excerpt":{"rendered":"","protected":false},"author":3,"featured_media":0,"parent":0,"menu_order":0,"comment_status":"closed","ping_status":"closed","template":"","meta":{"footnotes":""},"class_list":["post-19026","page","type-page","status-publish","hentry"],"yoast_head":"<!-- This site is optimized with the Yoast SEO plugin v27.3 - https:\/\/yoast.com\/product\/yoast-seo-wordpress\/ -->\n<title>Corporate Philanthropy, Social Responsibility -Sunday Knight Co Ltd<\/title>\n<meta name=\"description\" content=\"Sunday Knight Co Ltd has been committed to social charity. Since the establishment of the company in 2012, it has insisted on using 0.8% of each order to buy books for needy children in poverty areas.\" \/>\n<meta name=\"robots\" content=\"index, follow, max-snippet:-1, max-image-preview:large, max-video-preview:-1\" \/>\n<link rel=\"canonical\" href=\"https:\/\/www.sundayknight.com\/fr\/corporate-philanthropy\/\" \/>\n<meta property=\"og:locale\" content=\"fr_FR\" \/>\n<meta property=\"og:type\" content=\"article\" \/>\n<meta property=\"og:title\" content=\"Corporate Philanthropy, Social Responsibility -Sunday Knight Co Ltd\" \/>\n<meta property=\"og:description\" content=\"Sunday Knight Co Ltd has been committed to social charity. Since the establishment of the company in 2012, it has insisted on using 0.8% of each order to buy books for needy children in poverty areas.\" \/>\n<meta property=\"og:url\" content=\"https:\/\/www.sundayknight.com\/fr\/corporate-philanthropy\/\" \/>\n<meta property=\"og:site_name\" content=\"Custom Acrylic Displays, Acrylic Display Stands, Acrylic Boxes\" \/>\n<meta property=\"article:modified_time\" content=\"2021-05-04T13:41:45+00:00\" \/>\n<meta property=\"og:image\" content=\"https:\/\/www.sundayknight.com\/wp-content\/uploads\/2021\/05\/Sunday-Knight-Co-Ltd-Philanthropy-1.jpg\" \/>\n<meta name=\"twitter:label1\" content=\"Dur\u00e9e de lecture estim\u00e9e\" \/>\n\t<meta name=\"twitter:data1\" content=\"2 minutes\" \/>\n<script type=\"application\/ld+json\" class=\"yoast-schema-graph\">{\"@context\":\"https:\\\/\\\/schema.org\",\"@graph\":[{\"@type\":\"WebPage\",\"@id\":\"https:\\\/\\\/www.sundayknight.com\\\/corporate-philanthropy\\\/\",\"url\":\"https:\\\/\\\/www.sundayknight.com\\\/corporate-philanthropy\\\/\",\"name\":\"Corporate Philanthropy, Social Responsibility -Sunday Knight Co Ltd\",\"isPartOf\":{\"@id\":\"https:\\\/\\\/www.sundayknight.com\\\/#website\"},\"primaryImageOfPage\":{\"@id\":\"https:\\\/\\\/www.sundayknight.com\\\/corporate-philanthropy\\\/#primaryimage\"},\"image\":{\"@id\":\"https:\\\/\\\/www.sundayknight.com\\\/corporate-philanthropy\\\/#primaryimage\"},\"thumbnailUrl\":\"https:\\\/\\\/www.sundayknight.com\\\/wp-content\\\/uploads\\\/2021\\\/05\\\/Sunday-Knight-Co-Ltd-Philanthropy-1.jpg\",\"datePublished\":\"2021-05-04T13:10:29+00:00\",\"dateModified\":\"2021-05-04T13:41:45+00:00\",\"description\":\"Sunday Knight Co Ltd has been committed to social charity. Since the establishment of the company in 2012, it has insisted on using 0.8% of each order to buy books for needy children in poverty areas.\",\"breadcrumb\":{\"@id\":\"https:\\\/\\\/www.sundayknight.com\\\/corporate-philanthropy\\\/#breadcrumb\"},\"inLanguage\":\"fr-FR\",\"potentialAction\":[{\"@type\":\"ReadAction\",\"target\":[\"https:\\\/\\\/www.sundayknight.com\\\/corporate-philanthropy\\\/\"]}]},{\"@type\":\"ImageObject\",\"inLanguage\":\"fr-FR\",\"@id\":\"https:\\\/\\\/www.sundayknight.com\\\/corporate-philanthropy\\\/#primaryimage\",\"url\":\"https:\\\/\\\/www.sundayknight.com\\\/wp-content\\\/uploads\\\/2021\\\/05\\\/Sunday-Knight-Co-Ltd-Philanthropy-1.jpg\",\"contentUrl\":\"https:\\\/\\\/www.sundayknight.com\\\/wp-content\\\/uploads\\\/2021\\\/05\\\/Sunday-Knight-Co-Ltd-Philanthropy-1.jpg\"},{\"@type\":\"BreadcrumbList\",\"@id\":\"https:\\\/\\\/www.sundayknight.com\\\/corporate-philanthropy\\\/#breadcrumb\",\"itemListElement\":[{\"@type\":\"ListItem\",\"position\":1,\"name\":\"Home\",\"item\":\"https:\\\/\\\/www.sundayknight.com\\\/\"},{\"@type\":\"ListItem\",\"position\":2,\"name\":\"Corporate Philanthropy\"}]},{\"@type\":\"WebSite\",\"@id\":\"https:\\\/\\\/www.sundayknight.com\\\/#website\",\"url\":\"https:\\\/\\\/www.sundayknight.com\\\/\",\"name\":\"Custom Acrylic Displays, Acrylic Display Stands, Acrylic Boxes\",\"description\":\"China Acrylic Products Manufacturer\",\"publisher\":{\"@id\":\"https:\\\/\\\/www.sundayknight.com\\\/#organization\"},\"potentialAction\":[{\"@type\":\"SearchAction\",\"target\":{\"@type\":\"EntryPoint\",\"urlTemplate\":\"https:\\\/\\\/www.sundayknight.com\\\/?s={search_term_string}\"},\"query-input\":{\"@type\":\"PropertyValueSpecification\",\"valueRequired\":true,\"valueName\":\"search_term_string\"}}],\"inLanguage\":\"fr-FR\"},{\"@type\":\"Organization\",\"@id\":\"https:\\\/\\\/www.sundayknight.com\\\/#organization\",\"name\":\"Sunday Knight Co. Ltd\",\"url\":\"https:\\\/\\\/www.sundayknight.com\\\/\",\"logo\":{\"@type\":\"ImageObject\",\"inLanguage\":\"fr-FR\",\"@id\":\"https:\\\/\\\/www.sundayknight.com\\\/#\\\/schema\\\/logo\\\/image\\\/\",\"url\":\"https:\\\/\\\/www.sundayknight.com\\\/wp-content\\\/uploads\\\/2021\\\/07\\\/LOGO202107182.png\",\"contentUrl\":\"https:\\\/\\\/www.sundayknight.com\\\/wp-content\\\/uploads\\\/2021\\\/07\\\/LOGO202107182.png\",\"width\":414,\"height\":80,\"caption\":\"Sunday Knight Co. Ltd\"},\"image\":{\"@id\":\"https:\\\/\\\/www.sundayknight.com\\\/#\\\/schema\\\/logo\\\/image\\\/\"}}]}<\/script>\n<!-- \/ Yoast SEO plugin. -->","yoast_head_json":{"title":"Philanthropie d'entreprise, responsabilit\u00e9 sociale -Sunday Knight Co Ltd","description":"Sunday Knight Co Ltd s'est engag\u00e9e dans la charit\u00e9 sociale. Depuis sa cr\u00e9ation en 2012, l'entreprise a tenu \u00e0 consacrer 0,8% de chaque commande \u00e0 l'achat de livres pour les enfants n\u00e9cessiteux des r\u00e9gions pauvres.","robots":{"index":"index","follow":"follow","max-snippet":"max-snippet:-1","max-image-preview":"max-image-preview:large","max-video-preview":"max-video-preview:-1"},"canonical":"https:\/\/www.sundayknight.com\/fr\/corporate-philanthropy\/","og_locale":"fr_FR","og_type":"article","og_title":"Corporate Philanthropy, Social Responsibility -Sunday Knight Co Ltd","og_description":"Sunday Knight Co Ltd has been committed to social charity. Since the establishment of the company in 2012, it has insisted on using 0.8% of each order to buy books for needy children in poverty areas.","og_url":"https:\/\/www.sundayknight.com\/fr\/corporate-philanthropy\/","og_site_name":"Custom Acrylic Displays, Acrylic Display Stands, Acrylic Boxes","article_modified_time":"2021-05-04T13:41:45+00:00","og_image":[{"url":"https:\/\/www.sundayknight.com\/wp-content\/uploads\/2021\/05\/Sunday-Knight-Co-Ltd-Philanthropy-1.jpg","type":"","width":"","height":""}],"twitter_misc":{"Dur\u00e9e de lecture estim\u00e9e":"2 minutes"},"schema":{"@context":"https:\/\/schema.org","@graph":[{"@type":"WebPage","@id":"https:\/\/www.sundayknight.com\/corporate-philanthropy\/","url":"https:\/\/www.sundayknight.com\/corporate-philanthropy\/","name":"Philanthropie d'entreprise, responsabilit\u00e9 sociale -Sunday Knight Co Ltd","isPartOf":{"@id":"https:\/\/www.sundayknight.com\/#website"},"primaryImageOfPage":{"@id":"https:\/\/www.sundayknight.com\/corporate-philanthropy\/#primaryimage"},"image":{"@id":"https:\/\/www.sundayknight.com\/corporate-philanthropy\/#primaryimage"},"thumbnailUrl":"https:\/\/www.sundayknight.com\/wp-content\/uploads\/2021\/05\/Sunday-Knight-Co-Ltd-Philanthropy-1.jpg","datePublished":"2021-05-04T13:10:29+00:00","dateModified":"2021-05-04T13:41:45+00:00","description":"Sunday Knight Co Ltd s'est engag\u00e9e dans la charit\u00e9 sociale. Depuis sa cr\u00e9ation en 2012, l'entreprise a tenu \u00e0 consacrer 0,8% de chaque commande \u00e0 l'achat de livres pour les enfants n\u00e9cessiteux des r\u00e9gions pauvres.","breadcrumb":{"@id":"https:\/\/www.sundayknight.com\/corporate-philanthropy\/#breadcrumb"},"inLanguage":"fr-FR","potentialAction":[{"@type":"ReadAction","target":["https:\/\/www.sundayknight.com\/corporate-philanthropy\/"]}]},{"@type":"ImageObject","inLanguage":"fr-FR","@id":"https:\/\/www.sundayknight.com\/corporate-philanthropy\/#primaryimage","url":"https:\/\/www.sundayknight.com\/wp-content\/uploads\/2021\/05\/Sunday-Knight-Co-Ltd-Philanthropy-1.jpg","contentUrl":"https:\/\/www.sundayknight.com\/wp-content\/uploads\/2021\/05\/Sunday-Knight-Co-Ltd-Philanthropy-1.jpg"},{"@type":"BreadcrumbList","@id":"https:\/\/www.sundayknight.com\/corporate-philanthropy\/#breadcrumb","itemListElement":[{"@type":"ListItem","position":1,"name":"Home","item":"https:\/\/www.sundayknight.com\/"},{"@type":"ListItem","position":2,"name":"Corporate Philanthropy"}]},{"@type":"WebSite","@id":"https:\/\/www.sundayknight.com\/#website","url":"https:\/\/www.sundayknight.com\/","name":"Pr\u00e9sentoirs en acrylique personnalis\u00e9s, pr\u00e9sentoirs en acrylique, bo\u00eetes en acrylique","description":"Fabricant chinois de produits acryliques","publisher":{"@id":"https:\/\/www.sundayknight.com\/#organization"},"potentialAction":[{"@type":"SearchAction","target":{"@type":"EntryPoint","urlTemplate":"https:\/\/www.sundayknight.com\/?s={search_term_string}"},"query-input":{"@type":"PropertyValueSpecification","valueRequired":true,"valueName":"search_term_string"}}],"inLanguage":"fr-FR"},{"@type":"Organization","@id":"https:\/\/www.sundayknight.com\/#organization","name":"Sunday Knight Co. Ltd","url":"https:\/\/www.sundayknight.com\/","logo":{"@type":"ImageObject","inLanguage":"fr-FR","@id":"https:\/\/www.sundayknight.com\/#\/schema\/logo\/image\/","url":"https:\/\/www.sundayknight.com\/wp-content\/uploads\/2021\/07\/LOGO202107182.png","contentUrl":"https:\/\/www.sundayknight.com\/wp-content\/uploads\/2021\/07\/LOGO202107182.png","width":414,"height":80,"caption":"Sunday Knight Co. Ltd"},"image":{"@id":"https:\/\/www.sundayknight.com\/#\/schema\/logo\/image\/"}}]}},"_links":{"self":[{"href":"https:\/\/www.sundayknight.com\/fr\/wp-json\/wp\/v2\/pages\/19026","targetHints":{"allow":["GET"]}}],"collection":[{"href":"https:\/\/www.sundayknight.com\/fr\/wp-json\/wp\/v2\/pages"}],"about":[{"href":"https:\/\/www.sundayknight.com\/fr\/wp-json\/wp\/v2\/types\/page"}],"author":[{"embeddable":true,"href":"https:\/\/www.sundayknight.com\/fr\/wp-json\/wp\/v2\/users\/3"}],"replies":[{"embeddable":true,"href":"https:\/\/www.sundayknight.com\/fr\/wp-json\/wp\/v2\/comments?post=19026"}],"version-history":[{"count":0,"href":"https:\/\/www.sundayknight.com\/fr\/wp-json\/wp\/v2\/pages\/19026\/revisions"}],"wp:attachment":[{"href":"https:\/\/www.sundayknight.com\/fr\/wp-json\/wp\/v2\/media?parent=19026"}],"curies":[{"name":"wp","href":"https:\/\/api.w.org\/{rel}","templated":true}]}}