{"id":19088,"date":"2021-05-06T06:27:00","date_gmt":"2021-05-06T13:27:00","guid":{"rendered":"https:\/\/www.sundayknight.com\/?page_id=19088"},"modified":"2021-05-11T18:20:03","modified_gmt":"2021-05-12T01:20:03","slug":"color-acrylic-swatches","status":"publish","type":"page","link":"https:\/\/www.sundayknight.com\/fr\/color-acrylic-swatches\/","title":{"rendered":"\u00c9chantillons de couleurs acryliques"},"content":{"rendered":"<p>Voici quelques normes <strong>\u00e9chantillons de couleurs acryliques<\/strong> pour r\u00e9f\u00e9rence. Si vous n'avez besoin que d'une petite quantit\u00e9 de produits acryliques, vous pouvez peut-\u00eatre choisir la couleur standard.<\/p>\n<p><span style=\"color: #0000ff;\"><strong>Si vous avez besoin de couleurs personnalis\u00e9es, veuillez nous indiquer les exigences sp\u00e9cifiques, nous pouvons les personnaliser pour vous.<\/strong><\/span><\/p>\n<div id=\"attachment_19092\" style=\"width: 910px\" class=\"wp-caption alignnone\"><img decoding=\"async\" aria-describedby=\"caption-attachment-19092\" class=\"size-full wp-image-19092\" src=\"https:\/\/www.sundayknight.com\/wp-content\/uploads\/2021\/05\/acrylic-swatches-1.jpg\" alt=\"\u00e9chantillons acryliques-1\" width=\"900\" height=\"545\" srcset=\"https:\/\/www.sundayknight.com\/wp-content\/uploads\/2021\/05\/acrylic-swatches-1.jpg 900w, https:\/\/www.sundayknight.com\/wp-content\/uploads\/2021\/05\/acrylic-swatches-1-400x242.jpg 400w, https:\/\/www.sundayknight.com\/wp-content\/uploads\/2021\/05\/acrylic-swatches-1-768x465.jpg 768w\" sizes=\"(max-width: 900px) 100vw, 900px\" \/><p id=\"caption-attachment-19092\" class=\"wp-caption-text\"><img decoding=\"async\" class=\"size-full wp-image-19093\" src=\"https:\/\/www.sundayknight.com\/wp-content\/uploads\/2021\/05\/acrylic-swatches-2.jpg\" alt=\"\u00e9chantillons acryliques-2\" width=\"900\" height=\"545\" srcset=\"https:\/\/www.sundayknight.com\/wp-content\/uploads\/2021\/05\/acrylic-swatches-2.jpg 900w, https:\/\/www.sundayknight.com\/wp-content\/uploads\/2021\/05\/acrylic-swatches-2-400x242.jpg 400w, https:\/\/www.sundayknight.com\/wp-content\/uploads\/2021\/05\/acrylic-swatches-2-768x465.jpg 768w\" sizes=\"(max-width: 900px) 100vw, 900px\" \/><\/p><\/div>\n<p><img decoding=\"async\" class=\"size-full wp-image-19094\" src=\"https:\/\/www.sundayknight.com\/wp-content\/uploads\/2021\/05\/acrylic-swatches-3.jpg\" alt=\"\u00e9chantillons acryliques-3\" width=\"900\" height=\"545\" srcset=\"https:\/\/www.sundayknight.com\/wp-content\/uploads\/2021\/05\/acrylic-swatches-3.jpg 900w, https:\/\/www.sundayknight.com\/wp-content\/uploads\/2021\/05\/acrylic-swatches-3-400x242.jpg 400w, https:\/\/www.sundayknight.com\/wp-content\/uploads\/2021\/05\/acrylic-swatches-3-768x465.jpg 768w\" sizes=\"(max-width: 900px) 100vw, 900px\" \/><\/p>\n<p><img decoding=\"async\" class=\"size-full wp-image-19095\" src=\"https:\/\/www.sundayknight.com\/wp-content\/uploads\/2021\/05\/acrylic-swatches-4.jpg\" alt=\"\u00e9chantillons acryliques-4\" width=\"900\" height=\"545\" srcset=\"https:\/\/www.sundayknight.com\/wp-content\/uploads\/2021\/05\/acrylic-swatches-4.jpg 900w, https:\/\/www.sundayknight.com\/wp-content\/uploads\/2021\/05\/acrylic-swatches-4-400x242.jpg 400w, https:\/\/www.sundayknight.com\/wp-content\/uploads\/2021\/05\/acrylic-swatches-4-768x465.jpg 768w\" sizes=\"(max-width: 900px) 100vw, 900px\" \/><\/p>\n<p><img decoding=\"async\" class=\"size-full wp-image-19096\" src=\"https:\/\/www.sundayknight.com\/wp-content\/uploads\/2021\/05\/acrylic-swatches-5.jpg\" alt=\"\u00e9chantillons acryliques-5\" width=\"900\" height=\"419\" srcset=\"https:\/\/www.sundayknight.com\/wp-content\/uploads\/2021\/05\/acrylic-swatches-5.jpg 900w, https:\/\/www.sundayknight.com\/wp-content\/uploads\/2021\/05\/acrylic-swatches-5-400x186.jpg 400w, https:\/\/www.sundayknight.com\/wp-content\/uploads\/2021\/05\/acrylic-swatches-5-768x358.jpg 768w\" sizes=\"(max-width: 900px) 100vw, 900px\" \/><\/p>\n\n\n<p><\/p>","protected":false},"excerpt":{"rendered":"","protected":false},"author":3,"featured_media":0,"parent":0,"menu_order":0,"comment_status":"closed","ping_status":"closed","template":"","meta":{"footnotes":""},"class_list":["post-19088","page","type-page","status-publish","hentry"],"yoast_head":"<!-- This site is optimized with the Yoast SEO plugin v27.5 - https:\/\/yoast.com\/product\/yoast-seo-wordpress\/ -->\n<title>Color Acrylic Swatches, Custom Color Acrylic, Custom Color Plexiglass<\/title>\n<meta name=\"description\" content=\"You can choose the favorite color from our standard Color Acrylic Swatches, or tell us what color you need, we can customize it for you.\" \/>\n<meta name=\"robots\" content=\"index, follow, max-snippet:-1, max-image-preview:large, max-video-preview:-1\" \/>\n<link rel=\"canonical\" href=\"https:\/\/www.sundayknight.com\/fr\/color-acrylic-swatches\/\" \/>\n<meta property=\"og:locale\" content=\"fr_FR\" \/>\n<meta property=\"og:type\" content=\"article\" \/>\n<meta property=\"og:title\" content=\"Color Acrylic Swatches, Custom Color Acrylic, Custom Color Plexiglass\" \/>\n<meta property=\"og:description\" content=\"You can choose the favorite color from our standard Color Acrylic Swatches, or tell us what color you need, we can customize it for you.\" \/>\n<meta property=\"og:url\" content=\"https:\/\/www.sundayknight.com\/fr\/color-acrylic-swatches\/\" \/>\n<meta property=\"og:site_name\" content=\"Custom Acrylic Displays, Acrylic Display Stands, Acrylic Boxes\" \/>\n<meta property=\"article:modified_time\" content=\"2021-05-12T01:20:03+00:00\" \/>\n<meta property=\"og:image\" content=\"https:\/\/www.sundayknight.com\/wp-content\/uploads\/2021\/05\/acrylic-swatches-1.jpg\" \/>\n<meta name=\"twitter:label1\" content=\"Dur\u00e9e de lecture estim\u00e9e\" \/>\n\t<meta name=\"twitter:data1\" content=\"2 minutes\" \/>\n<script type=\"application\/ld+json\" class=\"yoast-schema-graph\">{\"@context\":\"https:\\\/\\\/schema.org\",\"@graph\":[{\"@type\":\"WebPage\",\"@id\":\"https:\\\/\\\/www.sundayknight.com\\\/color-acrylic-swatches\\\/\",\"url\":\"https:\\\/\\\/www.sundayknight.com\\\/color-acrylic-swatches\\\/\",\"name\":\"Color Acrylic Swatches, Custom Color Acrylic, Custom Color Plexiglass\",\"isPartOf\":{\"@id\":\"https:\\\/\\\/www.sundayknight.com\\\/#website\"},\"primaryImageOfPage\":{\"@id\":\"https:\\\/\\\/www.sundayknight.com\\\/color-acrylic-swatches\\\/#primaryimage\"},\"image\":{\"@id\":\"https:\\\/\\\/www.sundayknight.com\\\/color-acrylic-swatches\\\/#primaryimage\"},\"thumbnailUrl\":\"https:\\\/\\\/www.sundayknight.com\\\/wp-content\\\/uploads\\\/2021\\\/05\\\/acrylic-swatches-1.jpg\",\"datePublished\":\"2021-05-06T13:27:00+00:00\",\"dateModified\":\"2021-05-12T01:20:03+00:00\",\"description\":\"You can choose the favorite color from our standard Color Acrylic Swatches, or tell us what color you need, we can customize it for you.\",\"breadcrumb\":{\"@id\":\"https:\\\/\\\/www.sundayknight.com\\\/color-acrylic-swatches\\\/#breadcrumb\"},\"inLanguage\":\"fr-FR\",\"potentialAction\":[{\"@type\":\"ReadAction\",\"target\":[\"https:\\\/\\\/www.sundayknight.com\\\/color-acrylic-swatches\\\/\"]}]},{\"@type\":\"ImageObject\",\"inLanguage\":\"fr-FR\",\"@id\":\"https:\\\/\\\/www.sundayknight.com\\\/color-acrylic-swatches\\\/#primaryimage\",\"url\":\"https:\\\/\\\/www.sundayknight.com\\\/wp-content\\\/uploads\\\/2021\\\/05\\\/acrylic-swatches-1.jpg\",\"contentUrl\":\"https:\\\/\\\/www.sundayknight.com\\\/wp-content\\\/uploads\\\/2021\\\/05\\\/acrylic-swatches-1.jpg\"},{\"@type\":\"BreadcrumbList\",\"@id\":\"https:\\\/\\\/www.sundayknight.com\\\/color-acrylic-swatches\\\/#breadcrumb\",\"itemListElement\":[{\"@type\":\"ListItem\",\"position\":1,\"name\":\"Home\",\"item\":\"https:\\\/\\\/www.sundayknight.com\\\/\"},{\"@type\":\"ListItem\",\"position\":2,\"name\":\"Color Acrylic Swatches\"}]},{\"@type\":\"WebSite\",\"@id\":\"https:\\\/\\\/www.sundayknight.com\\\/#website\",\"url\":\"https:\\\/\\\/www.sundayknight.com\\\/\",\"name\":\"Custom Acrylic Displays, Acrylic Display Stands, Acrylic Boxes\",\"description\":\"China Acrylic Products Manufacturer\",\"publisher\":{\"@id\":\"https:\\\/\\\/www.sundayknight.com\\\/#organization\"},\"potentialAction\":[{\"@type\":\"SearchAction\",\"target\":{\"@type\":\"EntryPoint\",\"urlTemplate\":\"https:\\\/\\\/www.sundayknight.com\\\/?s={search_term_string}\"},\"query-input\":{\"@type\":\"PropertyValueSpecification\",\"valueRequired\":true,\"valueName\":\"search_term_string\"}}],\"inLanguage\":\"fr-FR\"},{\"@type\":\"Organization\",\"@id\":\"https:\\\/\\\/www.sundayknight.com\\\/#organization\",\"name\":\"Sunday Knight Co. Ltd\",\"url\":\"https:\\\/\\\/www.sundayknight.com\\\/\",\"logo\":{\"@type\":\"ImageObject\",\"inLanguage\":\"fr-FR\",\"@id\":\"https:\\\/\\\/www.sundayknight.com\\\/#\\\/schema\\\/logo\\\/image\\\/\",\"url\":\"https:\\\/\\\/www.sundayknight.com\\\/wp-content\\\/uploads\\\/2021\\\/07\\\/LOGO202107182.png\",\"contentUrl\":\"https:\\\/\\\/www.sundayknight.com\\\/wp-content\\\/uploads\\\/2021\\\/07\\\/LOGO202107182.png\",\"width\":414,\"height\":80,\"caption\":\"Sunday Knight Co. Ltd\"},\"image\":{\"@id\":\"https:\\\/\\\/www.sundayknight.com\\\/#\\\/schema\\\/logo\\\/image\\\/\"}}]}<\/script>\n<!-- \/ Yoast SEO plugin. -->","yoast_head_json":{"title":"\u00c9chantillons d'acrylique couleur, acrylique couleur sur mesure, plexiglas couleur sur mesure","description":"Vous pouvez choisir votre couleur pr\u00e9f\u00e9r\u00e9e parmi nos \u00e9chantillons de couleurs acryliques standard, ou nous indiquer la couleur dont vous avez besoin, nous pourrons la personnaliser pour vous.","robots":{"index":"index","follow":"follow","max-snippet":"max-snippet:-1","max-image-preview":"max-image-preview:large","max-video-preview":"max-video-preview:-1"},"canonical":"https:\/\/www.sundayknight.com\/fr\/color-acrylic-swatches\/","og_locale":"fr_FR","og_type":"article","og_title":"Color Acrylic Swatches, Custom Color Acrylic, Custom Color Plexiglass","og_description":"You can choose the favorite color from our standard Color Acrylic Swatches, or tell us what color you need, we can customize it for you.","og_url":"https:\/\/www.sundayknight.com\/fr\/color-acrylic-swatches\/","og_site_name":"Custom Acrylic Displays, Acrylic Display Stands, Acrylic Boxes","article_modified_time":"2021-05-12T01:20:03+00:00","og_image":[{"url":"https:\/\/www.sundayknight.com\/wp-content\/uploads\/2021\/05\/acrylic-swatches-1.jpg","type":"","width":"","height":""}],"twitter_misc":{"Dur\u00e9e de lecture estim\u00e9e":"2 minutes"},"schema":{"@context":"https:\/\/schema.org","@graph":[{"@type":"WebPage","@id":"https:\/\/www.sundayknight.com\/color-acrylic-swatches\/","url":"https:\/\/www.sundayknight.com\/color-acrylic-swatches\/","name":"\u00c9chantillons d'acrylique couleur, acrylique couleur sur mesure, plexiglas couleur sur mesure","isPartOf":{"@id":"https:\/\/www.sundayknight.com\/#website"},"primaryImageOfPage":{"@id":"https:\/\/www.sundayknight.com\/color-acrylic-swatches\/#primaryimage"},"image":{"@id":"https:\/\/www.sundayknight.com\/color-acrylic-swatches\/#primaryimage"},"thumbnailUrl":"https:\/\/www.sundayknight.com\/wp-content\/uploads\/2021\/05\/acrylic-swatches-1.jpg","datePublished":"2021-05-06T13:27:00+00:00","dateModified":"2021-05-12T01:20:03+00:00","description":"Vous pouvez choisir votre couleur pr\u00e9f\u00e9r\u00e9e parmi nos \u00e9chantillons de couleurs acryliques standard, ou nous indiquer la couleur dont vous avez besoin, nous pourrons la personnaliser pour vous.","breadcrumb":{"@id":"https:\/\/www.sundayknight.com\/color-acrylic-swatches\/#breadcrumb"},"inLanguage":"fr-FR","potentialAction":[{"@type":"ReadAction","target":["https:\/\/www.sundayknight.com\/color-acrylic-swatches\/"]}]},{"@type":"ImageObject","inLanguage":"fr-FR","@id":"https:\/\/www.sundayknight.com\/color-acrylic-swatches\/#primaryimage","url":"https:\/\/www.sundayknight.com\/wp-content\/uploads\/2021\/05\/acrylic-swatches-1.jpg","contentUrl":"https:\/\/www.sundayknight.com\/wp-content\/uploads\/2021\/05\/acrylic-swatches-1.jpg"},{"@type":"BreadcrumbList","@id":"https:\/\/www.sundayknight.com\/color-acrylic-swatches\/#breadcrumb","itemListElement":[{"@type":"ListItem","position":1,"name":"Home","item":"https:\/\/www.sundayknight.com\/"},{"@type":"ListItem","position":2,"name":"Color Acrylic Swatches"}]},{"@type":"WebSite","@id":"https:\/\/www.sundayknight.com\/#website","url":"https:\/\/www.sundayknight.com\/","name":"Pr\u00e9sentoirs en acrylique personnalis\u00e9s, pr\u00e9sentoirs en acrylique, bo\u00eetes en acrylique","description":"Fabricant chinois de produits acryliques","publisher":{"@id":"https:\/\/www.sundayknight.com\/#organization"},"potentialAction":[{"@type":"SearchAction","target":{"@type":"EntryPoint","urlTemplate":"https:\/\/www.sundayknight.com\/?s={search_term_string}"},"query-input":{"@type":"PropertyValueSpecification","valueRequired":true,"valueName":"search_term_string"}}],"inLanguage":"fr-FR"},{"@type":"Organization","@id":"https:\/\/www.sundayknight.com\/#organization","name":"Sunday Knight Co. Ltd","url":"https:\/\/www.sundayknight.com\/","logo":{"@type":"ImageObject","inLanguage":"fr-FR","@id":"https:\/\/www.sundayknight.com\/#\/schema\/logo\/image\/","url":"https:\/\/www.sundayknight.com\/wp-content\/uploads\/2021\/07\/LOGO202107182.png","contentUrl":"https:\/\/www.sundayknight.com\/wp-content\/uploads\/2021\/07\/LOGO202107182.png","width":414,"height":80,"caption":"Sunday Knight Co. Ltd"},"image":{"@id":"https:\/\/www.sundayknight.com\/#\/schema\/logo\/image\/"}}]}},"_links":{"self":[{"href":"https:\/\/www.sundayknight.com\/fr\/wp-json\/wp\/v2\/pages\/19088","targetHints":{"allow":["GET"]}}],"collection":[{"href":"https:\/\/www.sundayknight.com\/fr\/wp-json\/wp\/v2\/pages"}],"about":[{"href":"https:\/\/www.sundayknight.com\/fr\/wp-json\/wp\/v2\/types\/page"}],"author":[{"embeddable":true,"href":"https:\/\/www.sundayknight.com\/fr\/wp-json\/wp\/v2\/users\/3"}],"replies":[{"embeddable":true,"href":"https:\/\/www.sundayknight.com\/fr\/wp-json\/wp\/v2\/comments?post=19088"}],"version-history":[{"count":0,"href":"https:\/\/www.sundayknight.com\/fr\/wp-json\/wp\/v2\/pages\/19088\/revisions"}],"wp:attachment":[{"href":"https:\/\/www.sundayknight.com\/fr\/wp-json\/wp\/v2\/media?parent=19088"}],"curies":[{"name":"wp","href":"https:\/\/api.w.org\/{rel}","templated":true}]}}