{"id":20825,"date":"2022-01-17T16:35:04","date_gmt":"2022-01-18T00:35:04","guid":{"rendered":"https:\/\/www.sundayknight.com\/?page_id=20825"},"modified":"2022-01-17T16:35:06","modified_gmt":"2022-01-18T00:35:06","slug":"privacy-policy","status":"publish","type":"page","link":"https:\/\/www.sundayknight.com\/fr\/privacy-policy\/","title":{"rendered":"Politique de confidentialit\u00e9"},"content":{"rendered":"<p><strong>Votre vie priv\u00e9e est notre priorit\u00e9 !<\/strong><\/p>\n\n\n\n<p>Sur www.sundayknight.com, nous attachons une grande importance \u00e0 la protection de votre vie priv\u00e9e...<\/p>\n\n\n\n<p>sundayknight.com a cr\u00e9\u00e9 cette d\u00e9claration de confidentialit\u00e9 afin de d\u00e9montrer notre engagement ferme \u00e0 l'\u00e9gard de votre confidentialit\u00e9 et de votre s\u00e9curit\u00e9. Les paragraphes suivants d\u00e9crivent nos pratiques en mati\u00e8re de collecte et de diffusion d'informations pour ce site web.<\/p>\n\n\n\n<p>Confidentialit\u00e9 des informations Nous cherchons \u00e0 maintenir le plus haut niveau de service dans notre entreprise, y compris dans la mani\u00e8re dont nous traitons les informations personnelles de nos clients.<\/p>\n\n\n\n<p>Nous ne vendons pas vos informations \u00e0 des tiers. Le serveur de notre site web ne recueille que des informations g\u00e9n\u00e9riques sur l'utilisation du site web, \u00e9galement appel\u00e9es analyses du site web ou statistiques. Les donn\u00e9es analytiques sont collect\u00e9es dans le but de suivre le nombre de visiteurs sur notre site web et \u00e9ventuellement d'am\u00e9liorer les visites futures des visiteurs.<\/p>\n\n\n\n<p>Si vous avez des questions concernant notre politique de confidentialit\u00e9, n'h\u00e9sitez pas \u00e0 nous envoyer un courrier \u00e9lectronique ou \u00e0 nous t\u00e9l\u00e9phoner pour passer votre commande \u00e0 +86-13434568211.<\/p>","protected":false},"excerpt":{"rendered":"","protected":false},"author":3,"featured_media":0,"parent":0,"menu_order":0,"comment_status":"closed","ping_status":"closed","template":"","meta":{"footnotes":""},"class_list":["post-20825","page","type-page","status-publish","hentry"],"yoast_head":"<!-- This site is optimized with the Yoast SEO plugin v27.3 - https:\/\/yoast.com\/product\/yoast-seo-wordpress\/ -->\n<title>Privacy Policy - Your Privacy is Our Priority!<\/title>\n<meta name=\"description\" content=\"At www.sundayknight.com, your privacy is of utmost importance to us\u2026 If you have any questions about our Privacy Policy, welcome to email us.\" \/>\n<meta name=\"robots\" content=\"index, follow, max-snippet:-1, max-image-preview:large, max-video-preview:-1\" \/>\n<link rel=\"canonical\" href=\"https:\/\/www.sundayknight.com\/fr\/privacy-policy\/\" \/>\n<meta property=\"og:locale\" content=\"fr_FR\" \/>\n<meta property=\"og:type\" content=\"article\" \/>\n<meta property=\"og:title\" content=\"Privacy Policy - Your Privacy is Our Priority!\" \/>\n<meta property=\"og:description\" content=\"At www.sundayknight.com, your privacy is of utmost importance to us\u2026 If you have any questions about our Privacy Policy, welcome to email us.\" \/>\n<meta property=\"og:url\" content=\"https:\/\/www.sundayknight.com\/fr\/privacy-policy\/\" \/>\n<meta property=\"og:site_name\" content=\"Custom Acrylic Displays, Acrylic Display Stands, Acrylic Boxes\" \/>\n<meta property=\"article:modified_time\" content=\"2022-01-18T00:35:06+00:00\" \/>\n<meta name=\"twitter:label1\" content=\"Dur\u00e9e de lecture estim\u00e9e\" \/>\n\t<meta name=\"twitter:data1\" content=\"1 minute\" \/>\n<script type=\"application\/ld+json\" class=\"yoast-schema-graph\">{\"@context\":\"https:\\\/\\\/schema.org\",\"@graph\":[{\"@type\":\"WebPage\",\"@id\":\"https:\\\/\\\/www.sundayknight.com\\\/privacy-policy\\\/\",\"url\":\"https:\\\/\\\/www.sundayknight.com\\\/privacy-policy\\\/\",\"name\":\"Privacy Policy - Your Privacy is Our Priority!\",\"isPartOf\":{\"@id\":\"https:\\\/\\\/www.sundayknight.com\\\/#website\"},\"datePublished\":\"2022-01-18T00:35:04+00:00\",\"dateModified\":\"2022-01-18T00:35:06+00:00\",\"description\":\"At www.sundayknight.com, your privacy is of utmost importance to us\u2026 If you have any questions about our Privacy Policy, welcome to email us.\",\"breadcrumb\":{\"@id\":\"https:\\\/\\\/www.sundayknight.com\\\/privacy-policy\\\/#breadcrumb\"},\"inLanguage\":\"fr-FR\",\"potentialAction\":[{\"@type\":\"ReadAction\",\"target\":[\"https:\\\/\\\/www.sundayknight.com\\\/privacy-policy\\\/\"]}]},{\"@type\":\"BreadcrumbList\",\"@id\":\"https:\\\/\\\/www.sundayknight.com\\\/privacy-policy\\\/#breadcrumb\",\"itemListElement\":[{\"@type\":\"ListItem\",\"position\":1,\"name\":\"Home\",\"item\":\"https:\\\/\\\/www.sundayknight.com\\\/\"},{\"@type\":\"ListItem\",\"position\":2,\"name\":\"Privacy Policy\"}]},{\"@type\":\"WebSite\",\"@id\":\"https:\\\/\\\/www.sundayknight.com\\\/#website\",\"url\":\"https:\\\/\\\/www.sundayknight.com\\\/\",\"name\":\"Custom Acrylic Displays, Acrylic Display Stands, Acrylic Boxes\",\"description\":\"China Acrylic Products Manufacturer\",\"publisher\":{\"@id\":\"https:\\\/\\\/www.sundayknight.com\\\/#organization\"},\"potentialAction\":[{\"@type\":\"SearchAction\",\"target\":{\"@type\":\"EntryPoint\",\"urlTemplate\":\"https:\\\/\\\/www.sundayknight.com\\\/?s={search_term_string}\"},\"query-input\":{\"@type\":\"PropertyValueSpecification\",\"valueRequired\":true,\"valueName\":\"search_term_string\"}}],\"inLanguage\":\"fr-FR\"},{\"@type\":\"Organization\",\"@id\":\"https:\\\/\\\/www.sundayknight.com\\\/#organization\",\"name\":\"Sunday Knight Co. Ltd\",\"url\":\"https:\\\/\\\/www.sundayknight.com\\\/\",\"logo\":{\"@type\":\"ImageObject\",\"inLanguage\":\"fr-FR\",\"@id\":\"https:\\\/\\\/www.sundayknight.com\\\/#\\\/schema\\\/logo\\\/image\\\/\",\"url\":\"https:\\\/\\\/www.sundayknight.com\\\/wp-content\\\/uploads\\\/2021\\\/07\\\/LOGO202107182.png\",\"contentUrl\":\"https:\\\/\\\/www.sundayknight.com\\\/wp-content\\\/uploads\\\/2021\\\/07\\\/LOGO202107182.png\",\"width\":414,\"height\":80,\"caption\":\"Sunday Knight Co. Ltd\"},\"image\":{\"@id\":\"https:\\\/\\\/www.sundayknight.com\\\/#\\\/schema\\\/logo\\\/image\\\/\"}}]}<\/script>\n<!-- \/ Yoast SEO plugin. -->","yoast_head_json":{"title":"Politique de confidentialit\u00e9 - Votre vie priv\u00e9e est notre priorit\u00e9 !","description":"\u00c0 www.sundayknight.com, nous accordons la plus grande importance \u00e0 la protection de votre vie priv\u00e9e. Si vous avez des questions concernant notre politique de protection de la vie priv\u00e9e, n'h\u00e9sitez pas \u00e0 nous envoyer un courrier \u00e9lectronique.","robots":{"index":"index","follow":"follow","max-snippet":"max-snippet:-1","max-image-preview":"max-image-preview:large","max-video-preview":"max-video-preview:-1"},"canonical":"https:\/\/www.sundayknight.com\/fr\/privacy-policy\/","og_locale":"fr_FR","og_type":"article","og_title":"Privacy Policy - Your Privacy is Our Priority!","og_description":"At www.sundayknight.com, your privacy is of utmost importance to us\u2026 If you have any questions about our Privacy Policy, welcome to email us.","og_url":"https:\/\/www.sundayknight.com\/fr\/privacy-policy\/","og_site_name":"Custom Acrylic Displays, Acrylic Display Stands, Acrylic Boxes","article_modified_time":"2022-01-18T00:35:06+00:00","twitter_misc":{"Dur\u00e9e de lecture estim\u00e9e":"1 minute"},"schema":{"@context":"https:\/\/schema.org","@graph":[{"@type":"WebPage","@id":"https:\/\/www.sundayknight.com\/privacy-policy\/","url":"https:\/\/www.sundayknight.com\/privacy-policy\/","name":"Politique de confidentialit\u00e9 - Votre vie priv\u00e9e est notre priorit\u00e9 !","isPartOf":{"@id":"https:\/\/www.sundayknight.com\/#website"},"datePublished":"2022-01-18T00:35:04+00:00","dateModified":"2022-01-18T00:35:06+00:00","description":"\u00c0 www.sundayknight.com, nous accordons la plus grande importance \u00e0 la protection de votre vie priv\u00e9e. Si vous avez des questions concernant notre politique de protection de la vie priv\u00e9e, n'h\u00e9sitez pas \u00e0 nous envoyer un courrier \u00e9lectronique.","breadcrumb":{"@id":"https:\/\/www.sundayknight.com\/privacy-policy\/#breadcrumb"},"inLanguage":"fr-FR","potentialAction":[{"@type":"ReadAction","target":["https:\/\/www.sundayknight.com\/privacy-policy\/"]}]},{"@type":"BreadcrumbList","@id":"https:\/\/www.sundayknight.com\/privacy-policy\/#breadcrumb","itemListElement":[{"@type":"ListItem","position":1,"name":"Home","item":"https:\/\/www.sundayknight.com\/"},{"@type":"ListItem","position":2,"name":"Privacy Policy"}]},{"@type":"WebSite","@id":"https:\/\/www.sundayknight.com\/#website","url":"https:\/\/www.sundayknight.com\/","name":"Pr\u00e9sentoirs en acrylique personnalis\u00e9s, pr\u00e9sentoirs en acrylique, bo\u00eetes en acrylique","description":"Fabricant chinois de produits acryliques","publisher":{"@id":"https:\/\/www.sundayknight.com\/#organization"},"potentialAction":[{"@type":"SearchAction","target":{"@type":"EntryPoint","urlTemplate":"https:\/\/www.sundayknight.com\/?s={search_term_string}"},"query-input":{"@type":"PropertyValueSpecification","valueRequired":true,"valueName":"search_term_string"}}],"inLanguage":"fr-FR"},{"@type":"Organization","@id":"https:\/\/www.sundayknight.com\/#organization","name":"Sunday Knight Co. Ltd","url":"https:\/\/www.sundayknight.com\/","logo":{"@type":"ImageObject","inLanguage":"fr-FR","@id":"https:\/\/www.sundayknight.com\/#\/schema\/logo\/image\/","url":"https:\/\/www.sundayknight.com\/wp-content\/uploads\/2021\/07\/LOGO202107182.png","contentUrl":"https:\/\/www.sundayknight.com\/wp-content\/uploads\/2021\/07\/LOGO202107182.png","width":414,"height":80,"caption":"Sunday Knight Co. Ltd"},"image":{"@id":"https:\/\/www.sundayknight.com\/#\/schema\/logo\/image\/"}}]}},"_links":{"self":[{"href":"https:\/\/www.sundayknight.com\/fr\/wp-json\/wp\/v2\/pages\/20825","targetHints":{"allow":["GET"]}}],"collection":[{"href":"https:\/\/www.sundayknight.com\/fr\/wp-json\/wp\/v2\/pages"}],"about":[{"href":"https:\/\/www.sundayknight.com\/fr\/wp-json\/wp\/v2\/types\/page"}],"author":[{"embeddable":true,"href":"https:\/\/www.sundayknight.com\/fr\/wp-json\/wp\/v2\/users\/3"}],"replies":[{"embeddable":true,"href":"https:\/\/www.sundayknight.com\/fr\/wp-json\/wp\/v2\/comments?post=20825"}],"version-history":[{"count":0,"href":"https:\/\/www.sundayknight.com\/fr\/wp-json\/wp\/v2\/pages\/20825\/revisions"}],"wp:attachment":[{"href":"https:\/\/www.sundayknight.com\/fr\/wp-json\/wp\/v2\/media?parent=20825"}],"curies":[{"name":"wp","href":"https:\/\/api.w.org\/{rel}","templated":true}]}}