{"id":23968,"date":"2022-06-15T20:45:21","date_gmt":"2022-06-16T03:45:21","guid":{"rendered":"https:\/\/www.sundayknight.com\/?page_id=23968"},"modified":"2022-06-15T20:45:22","modified_gmt":"2022-06-16T03:45:22","slug":"terms-of-use","status":"publish","type":"page","link":"https:\/\/www.sundayknight.com\/fr\/terms-of-use\/","title":{"rendered":"Conditions d'utilisation"},"content":{"rendered":"<p>Cher client,<br>Veuillez noter que les produits pr\u00e9sent\u00e9s sur le site web sont exemplaires et peuvent changer. Les informations pr\u00e9sent\u00e9es sur les produits ne constituent pas une offre au sens du code civil, et le contrat n'est conclu qu'apr\u00e8s accord avec le client sur les termes du contrat.<\/p>\n\n\n\n<p>Sunday Knight Co Ltd d\u00e9tient des droits d'auteur sur les photos, les conceptions de produits et le contenu affich\u00e9 sur le site web. Il est interdit de d\u00e9passer l'utilisation autoris\u00e9e, de copier, d'utiliser et de diffuser les \u0153uvres publi\u00e9es sur le site web sans l'accord pr\u00e9alable de Sunday Knight Co Ltd.<\/p>\n\n\n\n<p>Les informations contenues sur ce site peuvent contenir des erreurs et des inexactitudes, qui peuvent \u00eatre corrig\u00e9es par Sunday Knight Co Ltd \u00e0 tout moment sans que les utilisateurs qui visitent le site en soient inform\u00e9s.<\/p>\n\n\n\n<p>Le site web utilise la technique des \"cookies\". Il s'agit de fichiers texte enregistr\u00e9s localement par le site web dans la m\u00e9moire du navigateur de l'ordinateur de l'utilisateur. Les cookies ne contiennent aucune donn\u00e9e personnelle des utilisateurs. Les cookies peuvent \u00eatre supprim\u00e9s par l'utilisateur \u00e0 tout moment et le site web peut \u00eatre utilis\u00e9 sans l'utilisation de cookies. Pour ce faire, utilisez l'option \"d\u00e9sactiver\" dans les param\u00e8tres du navigateur dans Microsoft Internet Explorer sous l'\u00e9l\u00e9ment de menu \"Modules compl\u00e9mentaires \/ Options Internet\", et dans Mozilla Firerfox sous \"Modules compl\u00e9mentaires \/ Param\u00e8tres\". Des informations d\u00e9taill\u00e9es sont disponibles dans le menu d'aide du navigateur concern\u00e9. La d\u00e9sactivation ou l'affichage des cookies peut affecter le fonctionnement du site web.<\/p>","protected":false},"excerpt":{"rendered":"","protected":false},"author":3,"featured_media":0,"parent":0,"menu_order":0,"comment_status":"closed","ping_status":"closed","template":"","meta":{"footnotes":""},"class_list":["post-23968","page","type-page","status-publish","hentry"],"yoast_head":"<!-- This site is optimized with the Yoast SEO plugin v27.5 - https:\/\/yoast.com\/product\/yoast-seo-wordpress\/ -->\n<title>Terms of use<\/title>\n<meta name=\"description\" content=\"Sunday Knight Co Ltd has proprietary copyrights to the photos, product designs and content posted on the website\" \/>\n<meta name=\"robots\" content=\"index, follow, max-snippet:-1, max-image-preview:large, max-video-preview:-1\" \/>\n<link rel=\"canonical\" href=\"https:\/\/www.sundayknight.com\/fr\/terms-of-use\/\" \/>\n<meta property=\"og:locale\" content=\"fr_FR\" \/>\n<meta property=\"og:type\" content=\"article\" \/>\n<meta property=\"og:title\" content=\"Terms of use\" \/>\n<meta property=\"og:description\" content=\"Sunday Knight Co Ltd has proprietary copyrights to the photos, product designs and content posted on the website\" \/>\n<meta property=\"og:url\" content=\"https:\/\/www.sundayknight.com\/fr\/terms-of-use\/\" \/>\n<meta property=\"og:site_name\" content=\"Custom Acrylic Displays, Acrylic Display Stands, Acrylic Boxes\" \/>\n<meta property=\"article:modified_time\" content=\"2022-06-16T03:45:22+00:00\" \/>\n<meta name=\"twitter:label1\" content=\"Dur\u00e9e de lecture estim\u00e9e\" \/>\n\t<meta name=\"twitter:data1\" content=\"2 minutes\" \/>\n<script type=\"application\/ld+json\" class=\"yoast-schema-graph\">{\"@context\":\"https:\\\/\\\/schema.org\",\"@graph\":[{\"@type\":\"WebPage\",\"@id\":\"https:\\\/\\\/www.sundayknight.com\\\/terms-of-use\\\/\",\"url\":\"https:\\\/\\\/www.sundayknight.com\\\/terms-of-use\\\/\",\"name\":\"Terms of use\",\"isPartOf\":{\"@id\":\"https:\\\/\\\/www.sundayknight.com\\\/#website\"},\"datePublished\":\"2022-06-16T03:45:21+00:00\",\"dateModified\":\"2022-06-16T03:45:22+00:00\",\"description\":\"Sunday Knight Co Ltd has proprietary copyrights to the photos, product designs and content posted on the website\",\"breadcrumb\":{\"@id\":\"https:\\\/\\\/www.sundayknight.com\\\/terms-of-use\\\/#breadcrumb\"},\"inLanguage\":\"fr-FR\",\"potentialAction\":[{\"@type\":\"ReadAction\",\"target\":[\"https:\\\/\\\/www.sundayknight.com\\\/terms-of-use\\\/\"]}]},{\"@type\":\"BreadcrumbList\",\"@id\":\"https:\\\/\\\/www.sundayknight.com\\\/terms-of-use\\\/#breadcrumb\",\"itemListElement\":[{\"@type\":\"ListItem\",\"position\":1,\"name\":\"Home\",\"item\":\"https:\\\/\\\/www.sundayknight.com\\\/\"},{\"@type\":\"ListItem\",\"position\":2,\"name\":\"Terms of use\"}]},{\"@type\":\"WebSite\",\"@id\":\"https:\\\/\\\/www.sundayknight.com\\\/#website\",\"url\":\"https:\\\/\\\/www.sundayknight.com\\\/\",\"name\":\"Custom Acrylic Displays, Acrylic Display Stands, Acrylic Boxes\",\"description\":\"China Acrylic Products Manufacturer\",\"publisher\":{\"@id\":\"https:\\\/\\\/www.sundayknight.com\\\/#organization\"},\"potentialAction\":[{\"@type\":\"SearchAction\",\"target\":{\"@type\":\"EntryPoint\",\"urlTemplate\":\"https:\\\/\\\/www.sundayknight.com\\\/?s={search_term_string}\"},\"query-input\":{\"@type\":\"PropertyValueSpecification\",\"valueRequired\":true,\"valueName\":\"search_term_string\"}}],\"inLanguage\":\"fr-FR\"},{\"@type\":\"Organization\",\"@id\":\"https:\\\/\\\/www.sundayknight.com\\\/#organization\",\"name\":\"Sunday Knight Co. Ltd\",\"url\":\"https:\\\/\\\/www.sundayknight.com\\\/\",\"logo\":{\"@type\":\"ImageObject\",\"inLanguage\":\"fr-FR\",\"@id\":\"https:\\\/\\\/www.sundayknight.com\\\/#\\\/schema\\\/logo\\\/image\\\/\",\"url\":\"https:\\\/\\\/www.sundayknight.com\\\/wp-content\\\/uploads\\\/2021\\\/07\\\/LOGO202107182.png\",\"contentUrl\":\"https:\\\/\\\/www.sundayknight.com\\\/wp-content\\\/uploads\\\/2021\\\/07\\\/LOGO202107182.png\",\"width\":414,\"height\":80,\"caption\":\"Sunday Knight Co. Ltd\"},\"image\":{\"@id\":\"https:\\\/\\\/www.sundayknight.com\\\/#\\\/schema\\\/logo\\\/image\\\/\"}}]}<\/script>\n<!-- \/ Yoast SEO plugin. -->","yoast_head_json":{"title":"Conditions d'utilisation","description":"Sunday Knight Co Ltd d\u00e9tient les droits d'auteur sur les photos, les mod\u00e8les de produits et le contenu affich\u00e9 sur le site web.","robots":{"index":"index","follow":"follow","max-snippet":"max-snippet:-1","max-image-preview":"max-image-preview:large","max-video-preview":"max-video-preview:-1"},"canonical":"https:\/\/www.sundayknight.com\/fr\/terms-of-use\/","og_locale":"fr_FR","og_type":"article","og_title":"Terms of use","og_description":"Sunday Knight Co Ltd has proprietary copyrights to the photos, product designs and content posted on the website","og_url":"https:\/\/www.sundayknight.com\/fr\/terms-of-use\/","og_site_name":"Custom Acrylic Displays, Acrylic Display Stands, Acrylic Boxes","article_modified_time":"2022-06-16T03:45:22+00:00","twitter_misc":{"Dur\u00e9e de lecture estim\u00e9e":"2 minutes"},"schema":{"@context":"https:\/\/schema.org","@graph":[{"@type":"WebPage","@id":"https:\/\/www.sundayknight.com\/terms-of-use\/","url":"https:\/\/www.sundayknight.com\/terms-of-use\/","name":"Conditions d'utilisation","isPartOf":{"@id":"https:\/\/www.sundayknight.com\/#website"},"datePublished":"2022-06-16T03:45:21+00:00","dateModified":"2022-06-16T03:45:22+00:00","description":"Sunday Knight Co Ltd d\u00e9tient les droits d'auteur sur les photos, les mod\u00e8les de produits et le contenu affich\u00e9 sur le site web.","breadcrumb":{"@id":"https:\/\/www.sundayknight.com\/terms-of-use\/#breadcrumb"},"inLanguage":"fr-FR","potentialAction":[{"@type":"ReadAction","target":["https:\/\/www.sundayknight.com\/terms-of-use\/"]}]},{"@type":"BreadcrumbList","@id":"https:\/\/www.sundayknight.com\/terms-of-use\/#breadcrumb","itemListElement":[{"@type":"ListItem","position":1,"name":"Home","item":"https:\/\/www.sundayknight.com\/"},{"@type":"ListItem","position":2,"name":"Terms of use"}]},{"@type":"WebSite","@id":"https:\/\/www.sundayknight.com\/#website","url":"https:\/\/www.sundayknight.com\/","name":"Pr\u00e9sentoirs en acrylique personnalis\u00e9s, pr\u00e9sentoirs en acrylique, bo\u00eetes en acrylique","description":"Fabricant chinois de produits acryliques","publisher":{"@id":"https:\/\/www.sundayknight.com\/#organization"},"potentialAction":[{"@type":"SearchAction","target":{"@type":"EntryPoint","urlTemplate":"https:\/\/www.sundayknight.com\/?s={search_term_string}"},"query-input":{"@type":"PropertyValueSpecification","valueRequired":true,"valueName":"search_term_string"}}],"inLanguage":"fr-FR"},{"@type":"Organization","@id":"https:\/\/www.sundayknight.com\/#organization","name":"Sunday Knight Co. Ltd","url":"https:\/\/www.sundayknight.com\/","logo":{"@type":"ImageObject","inLanguage":"fr-FR","@id":"https:\/\/www.sundayknight.com\/#\/schema\/logo\/image\/","url":"https:\/\/www.sundayknight.com\/wp-content\/uploads\/2021\/07\/LOGO202107182.png","contentUrl":"https:\/\/www.sundayknight.com\/wp-content\/uploads\/2021\/07\/LOGO202107182.png","width":414,"height":80,"caption":"Sunday Knight Co. Ltd"},"image":{"@id":"https:\/\/www.sundayknight.com\/#\/schema\/logo\/image\/"}}]}},"_links":{"self":[{"href":"https:\/\/www.sundayknight.com\/fr\/wp-json\/wp\/v2\/pages\/23968","targetHints":{"allow":["GET"]}}],"collection":[{"href":"https:\/\/www.sundayknight.com\/fr\/wp-json\/wp\/v2\/pages"}],"about":[{"href":"https:\/\/www.sundayknight.com\/fr\/wp-json\/wp\/v2\/types\/page"}],"author":[{"embeddable":true,"href":"https:\/\/www.sundayknight.com\/fr\/wp-json\/wp\/v2\/users\/3"}],"replies":[{"embeddable":true,"href":"https:\/\/www.sundayknight.com\/fr\/wp-json\/wp\/v2\/comments?post=23968"}],"version-history":[{"count":0,"href":"https:\/\/www.sundayknight.com\/fr\/wp-json\/wp\/v2\/pages\/23968\/revisions"}],"wp:attachment":[{"href":"https:\/\/www.sundayknight.com\/fr\/wp-json\/wp\/v2\/media?parent=23968"}],"curies":[{"name":"wp","href":"https:\/\/api.w.org\/{rel}","templated":true}]}}