{"id":20825,"date":"2022-01-17T16:35:04","date_gmt":"2022-01-18T00:35:04","guid":{"rendered":"https:\/\/www.sundayknight.com\/?page_id=20825"},"modified":"2022-01-17T16:35:06","modified_gmt":"2022-01-18T00:35:06","slug":"privacy-policy","status":"publish","type":"page","link":"https:\/\/www.sundayknight.com\/it\/privacy-policy\/","title":{"rendered":"Informativa sulla privacy"},"content":{"rendered":"<p><strong>La vostra privacy \u00e8 la nostra priorit\u00e0!<\/strong><\/p>\n\n\n\n<p>Per noi di www.sundayknight.com la vostra privacy \u00e8 di estrema importanza...<\/p>\n\n\n\n<p>sundayknight.com ha creato questa dichiarazione sulla privacy per dimostrare il nostro fermo impegno per la vostra privacy e sicurezza. Quanto segue rivela le nostre pratiche di raccolta e diffusione delle informazioni per questo sito web.<\/p>\n\n\n\n<p>Privacy delle informazioni Cerchiamo di mantenere il pi\u00f9 alto livello di servizio nella nostra attivit\u00e0, compreso il modo in cui gestiamo le informazioni personali dei nostri clienti.<\/p>\n\n\n\n<p>Non vendiamo le vostre informazioni a terzi. Il server del nostro sito web raccoglie solo informazioni generiche sull'utilizzo del sito web, chiamate anche statistiche o analisi del sito web. I dati analitici vengono raccolti allo scopo di tracciare il numero di visitatori del nostro sito web ed eventualmente migliorare le visite future dei visitatori.<\/p>\n\n\n\n<p>In caso di domande sulla nostra politica sulla privacy, \u00e8 possibile inviare un'e-mail o telefonare al numero +86-13434568211.<\/p>","protected":false},"excerpt":{"rendered":"","protected":false},"author":3,"featured_media":0,"parent":0,"menu_order":0,"comment_status":"closed","ping_status":"closed","template":"","meta":{"footnotes":""},"class_list":["post-20825","page","type-page","status-publish","hentry"],"yoast_head":"<!-- This site is optimized with the Yoast SEO plugin v27.3 - https:\/\/yoast.com\/product\/yoast-seo-wordpress\/ -->\n<title>Privacy Policy - Your Privacy is Our Priority!<\/title>\n<meta name=\"description\" content=\"At www.sundayknight.com, your privacy is of utmost importance to us\u2026 If you have any questions about our Privacy Policy, welcome to email us.\" \/>\n<meta name=\"robots\" content=\"index, follow, max-snippet:-1, max-image-preview:large, max-video-preview:-1\" \/>\n<link rel=\"canonical\" href=\"https:\/\/www.sundayknight.com\/it\/privacy-policy\/\" \/>\n<meta property=\"og:locale\" content=\"it_IT\" \/>\n<meta property=\"og:type\" content=\"article\" \/>\n<meta property=\"og:title\" content=\"Privacy Policy - Your Privacy is Our Priority!\" \/>\n<meta property=\"og:description\" content=\"At www.sundayknight.com, your privacy is of utmost importance to us\u2026 If you have any questions about our Privacy Policy, welcome to email us.\" \/>\n<meta property=\"og:url\" content=\"https:\/\/www.sundayknight.com\/it\/privacy-policy\/\" \/>\n<meta property=\"og:site_name\" content=\"Custom Acrylic Displays, Acrylic Display Stands, Acrylic Boxes\" \/>\n<meta property=\"article:modified_time\" content=\"2022-01-18T00:35:06+00:00\" \/>\n<meta name=\"twitter:label1\" content=\"Tempo di lettura stimato\" \/>\n\t<meta name=\"twitter:data1\" content=\"1 minuto\" \/>\n<script type=\"application\/ld+json\" class=\"yoast-schema-graph\">{\"@context\":\"https:\\\/\\\/schema.org\",\"@graph\":[{\"@type\":\"WebPage\",\"@id\":\"https:\\\/\\\/www.sundayknight.com\\\/privacy-policy\\\/\",\"url\":\"https:\\\/\\\/www.sundayknight.com\\\/privacy-policy\\\/\",\"name\":\"Privacy Policy - Your Privacy is Our Priority!\",\"isPartOf\":{\"@id\":\"https:\\\/\\\/www.sundayknight.com\\\/#website\"},\"datePublished\":\"2022-01-18T00:35:04+00:00\",\"dateModified\":\"2022-01-18T00:35:06+00:00\",\"description\":\"At www.sundayknight.com, your privacy is of utmost importance to us\u2026 If you have any questions about our Privacy Policy, welcome to email us.\",\"breadcrumb\":{\"@id\":\"https:\\\/\\\/www.sundayknight.com\\\/privacy-policy\\\/#breadcrumb\"},\"inLanguage\":\"it-IT\",\"potentialAction\":[{\"@type\":\"ReadAction\",\"target\":[\"https:\\\/\\\/www.sundayknight.com\\\/privacy-policy\\\/\"]}]},{\"@type\":\"BreadcrumbList\",\"@id\":\"https:\\\/\\\/www.sundayknight.com\\\/privacy-policy\\\/#breadcrumb\",\"itemListElement\":[{\"@type\":\"ListItem\",\"position\":1,\"name\":\"Home\",\"item\":\"https:\\\/\\\/www.sundayknight.com\\\/\"},{\"@type\":\"ListItem\",\"position\":2,\"name\":\"Privacy Policy\"}]},{\"@type\":\"WebSite\",\"@id\":\"https:\\\/\\\/www.sundayknight.com\\\/#website\",\"url\":\"https:\\\/\\\/www.sundayknight.com\\\/\",\"name\":\"Custom Acrylic Displays, Acrylic Display Stands, Acrylic Boxes\",\"description\":\"China Acrylic Products Manufacturer\",\"publisher\":{\"@id\":\"https:\\\/\\\/www.sundayknight.com\\\/#organization\"},\"potentialAction\":[{\"@type\":\"SearchAction\",\"target\":{\"@type\":\"EntryPoint\",\"urlTemplate\":\"https:\\\/\\\/www.sundayknight.com\\\/?s={search_term_string}\"},\"query-input\":{\"@type\":\"PropertyValueSpecification\",\"valueRequired\":true,\"valueName\":\"search_term_string\"}}],\"inLanguage\":\"it-IT\"},{\"@type\":\"Organization\",\"@id\":\"https:\\\/\\\/www.sundayknight.com\\\/#organization\",\"name\":\"Sunday Knight Co. Ltd\",\"url\":\"https:\\\/\\\/www.sundayknight.com\\\/\",\"logo\":{\"@type\":\"ImageObject\",\"inLanguage\":\"it-IT\",\"@id\":\"https:\\\/\\\/www.sundayknight.com\\\/#\\\/schema\\\/logo\\\/image\\\/\",\"url\":\"https:\\\/\\\/www.sundayknight.com\\\/wp-content\\\/uploads\\\/2021\\\/07\\\/LOGO202107182.png\",\"contentUrl\":\"https:\\\/\\\/www.sundayknight.com\\\/wp-content\\\/uploads\\\/2021\\\/07\\\/LOGO202107182.png\",\"width\":414,\"height\":80,\"caption\":\"Sunday Knight Co. Ltd\"},\"image\":{\"@id\":\"https:\\\/\\\/www.sundayknight.com\\\/#\\\/schema\\\/logo\\\/image\\\/\"}}]}<\/script>\n<!-- \/ Yoast SEO plugin. -->","yoast_head_json":{"title":"Informativa sulla privacy - La vostra privacy \u00e8 la nostra priorit\u00e0!","description":"Per noi di www.sundayknight.com la vostra privacy \u00e8 di estrema importanza... Se avete domande sulla nostra Informativa sulla privacy, potete inviarci un'e-mail.","robots":{"index":"index","follow":"follow","max-snippet":"max-snippet:-1","max-image-preview":"max-image-preview:large","max-video-preview":"max-video-preview:-1"},"canonical":"https:\/\/www.sundayknight.com\/it\/privacy-policy\/","og_locale":"it_IT","og_type":"article","og_title":"Privacy Policy - Your Privacy is Our Priority!","og_description":"At www.sundayknight.com, your privacy is of utmost importance to us\u2026 If you have any questions about our Privacy Policy, welcome to email us.","og_url":"https:\/\/www.sundayknight.com\/it\/privacy-policy\/","og_site_name":"Custom Acrylic Displays, Acrylic Display Stands, Acrylic Boxes","article_modified_time":"2022-01-18T00:35:06+00:00","twitter_misc":{"Tempo di lettura stimato":"1 minuto"},"schema":{"@context":"https:\/\/schema.org","@graph":[{"@type":"WebPage","@id":"https:\/\/www.sundayknight.com\/privacy-policy\/","url":"https:\/\/www.sundayknight.com\/privacy-policy\/","name":"Informativa sulla privacy - La vostra privacy \u00e8 la nostra priorit\u00e0!","isPartOf":{"@id":"https:\/\/www.sundayknight.com\/#website"},"datePublished":"2022-01-18T00:35:04+00:00","dateModified":"2022-01-18T00:35:06+00:00","description":"Per noi di www.sundayknight.com la vostra privacy \u00e8 di estrema importanza... Se avete domande sulla nostra Informativa sulla privacy, potete inviarci un'e-mail.","breadcrumb":{"@id":"https:\/\/www.sundayknight.com\/privacy-policy\/#breadcrumb"},"inLanguage":"it-IT","potentialAction":[{"@type":"ReadAction","target":["https:\/\/www.sundayknight.com\/privacy-policy\/"]}]},{"@type":"BreadcrumbList","@id":"https:\/\/www.sundayknight.com\/privacy-policy\/#breadcrumb","itemListElement":[{"@type":"ListItem","position":1,"name":"Home","item":"https:\/\/www.sundayknight.com\/"},{"@type":"ListItem","position":2,"name":"Privacy Policy"}]},{"@type":"WebSite","@id":"https:\/\/www.sundayknight.com\/#website","url":"https:\/\/www.sundayknight.com\/","name":"Espositori in acrilico personalizzati, espositori in acrilico, scatole in acrilico","description":"Cina Prodotti acrilici Fornitore","publisher":{"@id":"https:\/\/www.sundayknight.com\/#organization"},"potentialAction":[{"@type":"SearchAction","target":{"@type":"EntryPoint","urlTemplate":"https:\/\/www.sundayknight.com\/?s={search_term_string}"},"query-input":{"@type":"PropertyValueSpecification","valueRequired":true,"valueName":"search_term_string"}}],"inLanguage":"it-IT"},{"@type":"Organization","@id":"https:\/\/www.sundayknight.com\/#organization","name":"Sunday Knight Co. Ltd","url":"https:\/\/www.sundayknight.com\/","logo":{"@type":"ImageObject","inLanguage":"it-IT","@id":"https:\/\/www.sundayknight.com\/#\/schema\/logo\/image\/","url":"https:\/\/www.sundayknight.com\/wp-content\/uploads\/2021\/07\/LOGO202107182.png","contentUrl":"https:\/\/www.sundayknight.com\/wp-content\/uploads\/2021\/07\/LOGO202107182.png","width":414,"height":80,"caption":"Sunday Knight Co. Ltd"},"image":{"@id":"https:\/\/www.sundayknight.com\/#\/schema\/logo\/image\/"}}]}},"_links":{"self":[{"href":"https:\/\/www.sundayknight.com\/it\/wp-json\/wp\/v2\/pages\/20825","targetHints":{"allow":["GET"]}}],"collection":[{"href":"https:\/\/www.sundayknight.com\/it\/wp-json\/wp\/v2\/pages"}],"about":[{"href":"https:\/\/www.sundayknight.com\/it\/wp-json\/wp\/v2\/types\/page"}],"author":[{"embeddable":true,"href":"https:\/\/www.sundayknight.com\/it\/wp-json\/wp\/v2\/users\/3"}],"replies":[{"embeddable":true,"href":"https:\/\/www.sundayknight.com\/it\/wp-json\/wp\/v2\/comments?post=20825"}],"version-history":[{"count":0,"href":"https:\/\/www.sundayknight.com\/it\/wp-json\/wp\/v2\/pages\/20825\/revisions"}],"wp:attachment":[{"href":"https:\/\/www.sundayknight.com\/it\/wp-json\/wp\/v2\/media?parent=20825"}],"curies":[{"name":"wp","href":"https:\/\/api.w.org\/{rel}","templated":true}]}}