{"id":55,"date":"2016-12-02T13:37:39","date_gmt":"2016-12-02T05:37:39","guid":{"rendered":"http:\/\/rt18-t1028.bshark.com\/?page_id=55"},"modified":"2026-02-08T22:31:36","modified_gmt":"2026-02-08T14:31:36","slug":"about-us","status":"publish","type":"page","link":"https:\/\/www.sundayknight.com\/it\/about-us\/","title":{"rendered":"Chi siamo"},"content":{"rendered":"<div class=\"wp-block-group\"><div class=\"wp-block-group__inner-container is-layout-flow wp-block-group-is-layout-flow\">\n<h2 class=\"wp-block-heading\"><strong>Sunday Knight Co.<\/strong><\/h2>\n\n\n\n<p>Siamo un produttore cinese di <strong>fabbricazione acrilica personalizzata<\/strong>che si dedica alla creazione di prodotti di alta qualit\u00e0 e di design che rendono la vita di tutti i giorni un po' pi\u00f9 luminosa. Il nostro obiettivo \u00e8 portare gioia e ispirazione nella vostra routine quotidiana attraverso i nostri prodotti e diffondere positivit\u00e0 ovunque andiamo.<\/p>\n\n\n\n<p>In qualit\u00e0 di produttore di manufatti in acrilico, forniamo un'ampia gamma di articoli in acrilico innovativi ed eleganti, tra cui <strong>Scatole acriliche personalizzate<\/strong> e <strong>Espositori acrilici personalizzati<\/strong>ecc. che sono tutti funzionali e belli. I nostri supporti in acrilico sono progettati con attenzione ai dettagli e con un occhio di riguardo alla qualit\u00e0, che li rende l'aggiunta perfetta a qualsiasi casa, ufficio o negozio.<\/p>\n\n\n\n<iframe width=\"560\" height=\"315\" src=\"https:\/\/www.youtube-nocookie.com\/embed\/qCuEBCSjAqs?si=a8oCV9Iq5nnoQ1qB\" title=\"Lettore video di YouTube\" frameborder=\"0\" allow=\"accelerometer; autoplay; clipboard-write; encrypted-media; gyroscope; picture-in-picture; web-share\" referrerpolicy=\"strict-origin-when-cross-origin\" allowfullscreen><\/iframe>\n\n\n\n<p>Fondata nel 2012, Sunday Knight Co. \u00e8 nata come una piccola attivit\u00e0 di vendita di articoli fatti a mano. Nel corso degli anni, abbiamo ampliato la nostra linea di prodotti per includere una variet\u00e0 di articoli di sicuro effetto. Dalle scatole e dagli espositori in acrilico su misura a tutti i tipi di articoli complicati, i nostri prodotti sono progettati pensando al cliente e sono sicuri di strappargli un sorriso.<\/p>\n\n\n\n<p>Noi di Sunday Knight Co. Ltd, crediamo che la vita sia troppo breve per accontentarsi di prodotti che non fanno sorridere. Per questo ci impegniamo a trovare e reperire i migliori materiali e collaboriamo con artigiani e produttori di talento per dare vita ai nostri progetti.<\/p>\n\n\n\n<p>Siamo orgogliosi di essere una piccola impresa e ci impegniamo a dare un contributo alla nostra comunit\u00e0. Una parte dei nostri profitti viene donata a organizzazioni locali e nazionali che sostengono l'educazione all'arte e al design, nonch\u00e9 a organizzazioni che lavorano per avere un impatto positivo sull'ambiente.<\/p>\n\n\n\n<p>Grazie per averci scelto come produttore di manufatti in acrilico. Ci auguriamo che i nostri prodotti portino un po' di gioia e ispirazione in pi\u00f9 nella vostra vita.<\/p>\n\n\n\n<p>Cordiali saluti,<br>Sophia Hu<br>Fondatore di Sunday Knight Co. Ltd<\/p>\n\n\n\n<h3 class=\"wp-block-heading\"><strong>Tiro in fabbrica<\/strong><\/h3>\n\n\n<div class=\"wp-block-image\">\n<figure class=\"aligncenter size-full\"><img decoding=\"async\" width=\"1000\" height=\"679\" src=\"https:\/\/www.sundayknight.com\/wp-content\/uploads\/2022\/09\/Sunday-Knight-Co-Ltd-Workshop-202209.webp\" alt=\"Officina Sunday Knight Co Ltd\" class=\"wp-image-24940\" srcset=\"https:\/\/www.sundayknight.com\/wp-content\/uploads\/2022\/09\/Sunday-Knight-Co-Ltd-Workshop-202209.webp 1000w, https:\/\/www.sundayknight.com\/wp-content\/uploads\/2022\/09\/Sunday-Knight-Co-Ltd-Workshop-202209-400x272.webp 400w, https:\/\/www.sundayknight.com\/wp-content\/uploads\/2022\/09\/Sunday-Knight-Co-Ltd-Workshop-202209-768x521.webp 768w\" sizes=\"(max-width: 1000px) 100vw, 1000px\" \/><\/figure>\n<\/div>\n\n\n<h3 class=\"wp-block-heading has-text-color has-medium-font-size\" style=\"color:#050101\"><strong>Perch\u00e9 scegliere noi?<\/strong><\/h3>\n\n\n\n<p class=\"has-black-color has-text-color\"><mark style=\"background-color:rgba(0, 0, 0, 0)\" class=\"has-inline-color has-vivid-purple-color\"><strong>Direttamente dalla fabbrica<\/strong>, <strong>Prezzo ragionevole<\/strong><\/mark><br>Senza intermediari, potete risparmiare un sacco di soldi!<\/p>\n\n\n\n<p><strong><span class=\"has-inline-color has-vivid-purple-color\">Qualit\u00e0 garantita<\/span><\/strong><br>100% soddisfazione garantita.<\/p>\n\n\n\n<p><strong><span class=\"has-inline-color has-vivid-purple-color\">Servizio di personalizzazione<\/span><\/strong><br>Diteci cosa volete, al resto pensiamo noi.<\/p>\n\n\n\n<p><strong><span class=\"has-inline-color has-vivid-purple-color\">Preventivo veloce<\/span><\/strong><br>Risponderemo a tutte le e-mail in 1-8 ore. <\/p>\n\n\n\n<p><strong><span class=\"has-inline-color has-vivid-purple-color\">Tempi di consegna rapidi<\/span><\/strong><br>Siamo produttori diretti, possiamo regolare il nostro programma di produzione per soddisfare l'ordine urgente dei clienti!<\/p>\n\n\n\n<h3 class=\"wp-block-heading has-black-color has-text-color has-medium-font-size\"><strong>Alcuni dei nostri partner aziendali<\/strong><\/h3>\n\n\n\n<figure class=\"wp-block-image size-full\"><img decoding=\"async\" width=\"1200\" height=\"190\" src=\"https:\/\/www.sundayknight.com\/wp-content\/uploads\/2022\/09\/Corporate-Partners.webp\" alt=\"Partner aziendali\" class=\"wp-image-24941\" srcset=\"https:\/\/www.sundayknight.com\/wp-content\/uploads\/2022\/09\/Corporate-Partners.webp 1200w, https:\/\/www.sundayknight.com\/wp-content\/uploads\/2022\/09\/Corporate-Partners-400x63.webp 400w, https:\/\/www.sundayknight.com\/wp-content\/uploads\/2022\/09\/Corporate-Partners-768x122.webp 768w\" sizes=\"(max-width: 1200px) 100vw, 1200px\" \/><\/figure>\n<\/div><\/div>","protected":false},"excerpt":{"rendered":"","protected":false},"author":3,"featured_media":0,"parent":0,"menu_order":0,"comment_status":"closed","ping_status":"closed","template":"","meta":{"footnotes":""},"class_list":["post-55","page","type-page","status-publish","hentry"],"yoast_head":"<!-- This site is optimized with the Yoast SEO plugin v27.4 - https:\/\/yoast.com\/product\/yoast-seo-wordpress\/ -->\n<title>About us - We are Chinese acrylic display manufacturer, acrylic factory<\/title>\n<meta name=\"description\" content=\"We offer custom made service for POP, POS displays, table tents, picture\/photo frames, brochure holders, menu holders&amp; sign holders,bulk food bins.\" \/>\n<meta name=\"robots\" content=\"index, follow, max-snippet:-1, max-image-preview:large, max-video-preview:-1\" \/>\n<link rel=\"canonical\" href=\"https:\/\/www.sundayknight.com\/it\/about-us\/\" \/>\n<meta property=\"og:locale\" content=\"it_IT\" \/>\n<meta property=\"og:type\" content=\"article\" \/>\n<meta property=\"og:title\" content=\"About us - We are Chinese acrylic display manufacturer, acrylic factory\" \/>\n<meta property=\"og:description\" content=\"We offer custom made service for POP, POS displays, table tents, picture\/photo frames, brochure holders, menu holders&amp; sign holders,bulk food bins.\" \/>\n<meta property=\"og:url\" content=\"https:\/\/www.sundayknight.com\/it\/about-us\/\" \/>\n<meta property=\"og:site_name\" content=\"Custom Acrylic Displays, Acrylic Display Stands, Acrylic Boxes\" \/>\n<meta property=\"article:modified_time\" content=\"2026-02-08T14:31:36+00:00\" \/>\n<meta property=\"og:image\" content=\"https:\/\/www.sundayknight.com\/wp-content\/uploads\/2022\/09\/Sunday-Knight-Co-Ltd-Workshop-202209.webp\" \/>\n\t<meta property=\"og:image:width\" content=\"1000\" \/>\n\t<meta property=\"og:image:height\" content=\"679\" \/>\n\t<meta property=\"og:image:type\" content=\"image\/webp\" \/>\n<meta name=\"twitter:label1\" content=\"Tempo di lettura stimato\" \/>\n\t<meta name=\"twitter:data1\" content=\"3 minuti\" \/>\n<script type=\"application\/ld+json\" class=\"yoast-schema-graph\">{\"@context\":\"https:\\\/\\\/schema.org\",\"@graph\":[{\"@type\":\"WebPage\",\"@id\":\"https:\\\/\\\/www.sundayknight.com\\\/about-us\\\/\",\"url\":\"https:\\\/\\\/www.sundayknight.com\\\/about-us\\\/\",\"name\":\"About us - We are Chinese acrylic display manufacturer, acrylic factory\",\"isPartOf\":{\"@id\":\"https:\\\/\\\/www.sundayknight.com\\\/#website\"},\"primaryImageOfPage\":{\"@id\":\"https:\\\/\\\/www.sundayknight.com\\\/about-us\\\/#primaryimage\"},\"image\":{\"@id\":\"https:\\\/\\\/www.sundayknight.com\\\/about-us\\\/#primaryimage\"},\"thumbnailUrl\":\"https:\\\/\\\/www.sundayknight.com\\\/wp-content\\\/uploads\\\/2022\\\/09\\\/Sunday-Knight-Co-Ltd-Workshop-202209.webp\",\"datePublished\":\"2016-12-02T05:37:39+00:00\",\"dateModified\":\"2026-02-08T14:31:36+00:00\",\"description\":\"We offer custom made service for POP, POS displays, table tents, picture\\\/photo frames, brochure holders, menu holders& sign holders,bulk food bins.\",\"breadcrumb\":{\"@id\":\"https:\\\/\\\/www.sundayknight.com\\\/about-us\\\/#breadcrumb\"},\"inLanguage\":\"it-IT\",\"potentialAction\":[{\"@type\":\"ReadAction\",\"target\":[\"https:\\\/\\\/www.sundayknight.com\\\/about-us\\\/\"]}]},{\"@type\":\"ImageObject\",\"inLanguage\":\"it-IT\",\"@id\":\"https:\\\/\\\/www.sundayknight.com\\\/about-us\\\/#primaryimage\",\"url\":\"https:\\\/\\\/www.sundayknight.com\\\/wp-content\\\/uploads\\\/2022\\\/09\\\/Sunday-Knight-Co-Ltd-Workshop-202209.webp\",\"contentUrl\":\"https:\\\/\\\/www.sundayknight.com\\\/wp-content\\\/uploads\\\/2022\\\/09\\\/Sunday-Knight-Co-Ltd-Workshop-202209.webp\"},{\"@type\":\"BreadcrumbList\",\"@id\":\"https:\\\/\\\/www.sundayknight.com\\\/about-us\\\/#breadcrumb\",\"itemListElement\":[{\"@type\":\"ListItem\",\"position\":1,\"name\":\"Home\",\"item\":\"https:\\\/\\\/www.sundayknight.com\\\/\"},{\"@type\":\"ListItem\",\"position\":2,\"name\":\"About us\"}]},{\"@type\":\"WebSite\",\"@id\":\"https:\\\/\\\/www.sundayknight.com\\\/#website\",\"url\":\"https:\\\/\\\/www.sundayknight.com\\\/\",\"name\":\"Custom Acrylic Displays, Acrylic Display Stands, Acrylic Boxes\",\"description\":\"China Acrylic Products Manufacturer\",\"publisher\":{\"@id\":\"https:\\\/\\\/www.sundayknight.com\\\/#organization\"},\"potentialAction\":[{\"@type\":\"SearchAction\",\"target\":{\"@type\":\"EntryPoint\",\"urlTemplate\":\"https:\\\/\\\/www.sundayknight.com\\\/?s={search_term_string}\"},\"query-input\":{\"@type\":\"PropertyValueSpecification\",\"valueRequired\":true,\"valueName\":\"search_term_string\"}}],\"inLanguage\":\"it-IT\"},{\"@type\":\"Organization\",\"@id\":\"https:\\\/\\\/www.sundayknight.com\\\/#organization\",\"name\":\"Sunday Knight Co. Ltd\",\"url\":\"https:\\\/\\\/www.sundayknight.com\\\/\",\"logo\":{\"@type\":\"ImageObject\",\"inLanguage\":\"it-IT\",\"@id\":\"https:\\\/\\\/www.sundayknight.com\\\/#\\\/schema\\\/logo\\\/image\\\/\",\"url\":\"https:\\\/\\\/www.sundayknight.com\\\/wp-content\\\/uploads\\\/2021\\\/07\\\/LOGO202107182.png\",\"contentUrl\":\"https:\\\/\\\/www.sundayknight.com\\\/wp-content\\\/uploads\\\/2021\\\/07\\\/LOGO202107182.png\",\"width\":414,\"height\":80,\"caption\":\"Sunday Knight Co. Ltd\"},\"image\":{\"@id\":\"https:\\\/\\\/www.sundayknight.com\\\/#\\\/schema\\\/logo\\\/image\\\/\"}}]}<\/script>\n<!-- \/ Yoast SEO plugin. -->","yoast_head_json":{"title":"Chi siamo - Siamo il produttore cinese dell'esposizione acrilica, fabbrica acrilica","description":"Offriamo servizi su misura per espositori POP e POS, tende da tavolo, cornici per immagini\/foto, supporti per opuscoli, supporti per menu e cartelli, contenitori per alimenti sfusi.","robots":{"index":"index","follow":"follow","max-snippet":"max-snippet:-1","max-image-preview":"max-image-preview:large","max-video-preview":"max-video-preview:-1"},"canonical":"https:\/\/www.sundayknight.com\/it\/about-us\/","og_locale":"it_IT","og_type":"article","og_title":"About us - We are Chinese acrylic display manufacturer, acrylic factory","og_description":"We offer custom made service for POP, POS displays, table tents, picture\/photo frames, brochure holders, menu holders& sign holders,bulk food bins.","og_url":"https:\/\/www.sundayknight.com\/it\/about-us\/","og_site_name":"Custom Acrylic Displays, Acrylic Display Stands, Acrylic Boxes","article_modified_time":"2026-02-08T14:31:36+00:00","og_image":[{"width":1000,"height":679,"url":"https:\/\/www.sundayknight.com\/wp-content\/uploads\/2022\/09\/Sunday-Knight-Co-Ltd-Workshop-202209.webp","type":"image\/webp"}],"twitter_misc":{"Tempo di lettura stimato":"3 minuti"},"schema":{"@context":"https:\/\/schema.org","@graph":[{"@type":"WebPage","@id":"https:\/\/www.sundayknight.com\/about-us\/","url":"https:\/\/www.sundayknight.com\/about-us\/","name":"Chi siamo - Siamo il produttore cinese dell'esposizione acrilica, fabbrica acrilica","isPartOf":{"@id":"https:\/\/www.sundayknight.com\/#website"},"primaryImageOfPage":{"@id":"https:\/\/www.sundayknight.com\/about-us\/#primaryimage"},"image":{"@id":"https:\/\/www.sundayknight.com\/about-us\/#primaryimage"},"thumbnailUrl":"https:\/\/www.sundayknight.com\/wp-content\/uploads\/2022\/09\/Sunday-Knight-Co-Ltd-Workshop-202209.webp","datePublished":"2016-12-02T05:37:39+00:00","dateModified":"2026-02-08T14:31:36+00:00","description":"Offriamo servizi su misura per espositori POP e POS, tende da tavolo, cornici per immagini\/foto, supporti per opuscoli, supporti per menu e cartelli, contenitori per alimenti sfusi.","breadcrumb":{"@id":"https:\/\/www.sundayknight.com\/about-us\/#breadcrumb"},"inLanguage":"it-IT","potentialAction":[{"@type":"ReadAction","target":["https:\/\/www.sundayknight.com\/about-us\/"]}]},{"@type":"ImageObject","inLanguage":"it-IT","@id":"https:\/\/www.sundayknight.com\/about-us\/#primaryimage","url":"https:\/\/www.sundayknight.com\/wp-content\/uploads\/2022\/09\/Sunday-Knight-Co-Ltd-Workshop-202209.webp","contentUrl":"https:\/\/www.sundayknight.com\/wp-content\/uploads\/2022\/09\/Sunday-Knight-Co-Ltd-Workshop-202209.webp"},{"@type":"BreadcrumbList","@id":"https:\/\/www.sundayknight.com\/about-us\/#breadcrumb","itemListElement":[{"@type":"ListItem","position":1,"name":"Home","item":"https:\/\/www.sundayknight.com\/"},{"@type":"ListItem","position":2,"name":"About us"}]},{"@type":"WebSite","@id":"https:\/\/www.sundayknight.com\/#website","url":"https:\/\/www.sundayknight.com\/","name":"Espositori in acrilico personalizzati, espositori in acrilico, scatole in acrilico","description":"Cina Prodotti acrilici Fornitore","publisher":{"@id":"https:\/\/www.sundayknight.com\/#organization"},"potentialAction":[{"@type":"SearchAction","target":{"@type":"EntryPoint","urlTemplate":"https:\/\/www.sundayknight.com\/?s={search_term_string}"},"query-input":{"@type":"PropertyValueSpecification","valueRequired":true,"valueName":"search_term_string"}}],"inLanguage":"it-IT"},{"@type":"Organization","@id":"https:\/\/www.sundayknight.com\/#organization","name":"Sunday Knight Co. Ltd","url":"https:\/\/www.sundayknight.com\/","logo":{"@type":"ImageObject","inLanguage":"it-IT","@id":"https:\/\/www.sundayknight.com\/#\/schema\/logo\/image\/","url":"https:\/\/www.sundayknight.com\/wp-content\/uploads\/2021\/07\/LOGO202107182.png","contentUrl":"https:\/\/www.sundayknight.com\/wp-content\/uploads\/2021\/07\/LOGO202107182.png","width":414,"height":80,"caption":"Sunday Knight Co. Ltd"},"image":{"@id":"https:\/\/www.sundayknight.com\/#\/schema\/logo\/image\/"}}]}},"_links":{"self":[{"href":"https:\/\/www.sundayknight.com\/it\/wp-json\/wp\/v2\/pages\/55","targetHints":{"allow":["GET"]}}],"collection":[{"href":"https:\/\/www.sundayknight.com\/it\/wp-json\/wp\/v2\/pages"}],"about":[{"href":"https:\/\/www.sundayknight.com\/it\/wp-json\/wp\/v2\/types\/page"}],"author":[{"embeddable":true,"href":"https:\/\/www.sundayknight.com\/it\/wp-json\/wp\/v2\/users\/3"}],"replies":[{"embeddable":true,"href":"https:\/\/www.sundayknight.com\/it\/wp-json\/wp\/v2\/comments?post=55"}],"version-history":[{"count":0,"href":"https:\/\/www.sundayknight.com\/it\/wp-json\/wp\/v2\/pages\/55\/revisions"}],"wp:attachment":[{"href":"https:\/\/www.sundayknight.com\/it\/wp-json\/wp\/v2\/media?parent=55"}],"curies":[{"name":"wp","href":"https:\/\/api.w.org\/{rel}","templated":true}]}}